{"id":109,"date":"2018-09-07T16:07:20","date_gmt":"2018-09-07T16:07:20","guid":{"rendered":"https:\/\/www.viajeros.net\/vwp\/?page_id=109"},"modified":"2018-09-07T16:07:20","modified_gmt":"2018-09-07T16:07:20","slug":"decir-te-quiero","status":"publish","type":"page","link":"https:\/\/www.viajeros.net\/vwp\/decir-te-quiero\/","title":{"rendered":"Decir te quiero&#8230;"},"content":{"rendered":"\n<p>&#8220;Te quiero decir muchas cosas por medio de esta carta y sinceramente te la mereces..<\/p>\n\n\n\n<p>Tu amistad vale mucho quiero decirte que si ma\u00f1ana dejo de existir te observare en el cielo te cuidare y sobre todo tratare de que no sufras<\/p>\n\n\n\n<p>Te quiero decir que si dejas de existir (Dios no lo quiera) te recordar\u00e9, y siempre te querr\u00e9 y cada noche hablare contigo&#8230;<\/p>\n\n\n\n<p>Quiero que sepas que te quiero mucho y eso es algo muy importante para mi, ya que hay veces que no es conveniente decirlo por cualquier raz\u00f3n&#8230;<\/p>\n\n\n\n<p>Se que debo \u00f3 deb\u00ed decirte cuanto te aprecio, pero si por &#8220;x&#8221; raz\u00f3n no nos volvemos a ver te dejo este mail para que sepas lo mucho que te quiero..<\/p>\n\n\n\n<p>Y si no alcanzaste a decirmelo y yo dejo de existir , no te preocupes que por el simple hecho que naci\u00f3 el amor en mi sabr\u00e9 que me quieres.<\/p>\n\n\n\n<p>Recuerda que nedie sabemos cuano dejaremos de existir, y con esto te digo: TE QUIERO MUCHO!!!!!!!&#8221;<\/p>\n\n\n\n<p>Compartido por Ver\u00f3nica Vel\u00e1zquez Alv\u00e1rez, Mex. (2003)<\/p>\n","protected":false},"excerpt":{"rendered":"<p>&#8220;Te quiero decir muchas cosas por medio de esta carta y sinceramente te la mereces.. Tu amistad vale mucho quiero decirte que si ma\u00f1ana dejo de existir te observare en el cielo te cuidare y sobre todo tratare de que no sufras Te quiero decir que si dejas de existir (Dios no lo quiera) te &hellip; <\/p>\n<p class=\"link-more\"><a href=\"https:\/\/www.viajeros.net\/vwp\/decir-te-quiero\/\" class=\"more-link\">Continue reading<span class=\"screen-reader-text\"> &#8220;Decir te quiero&#8230;&#8221;<\/span><\/a><\/p>\n","protected":false},"author":1,"featured_media":0,"parent":0,"menu_order":0,"comment_status":"closed","ping_status":"closed","template":"","meta":{"footnotes":""},"class_list":["post-109","page","type-page","status-publish","hentry"],"_links":{"self":[{"href":"https:\/\/www.viajeros.net\/vwp\/wp-json\/wp\/v2\/pages\/109","targetHints":{"allow":["GET"]}}],"collection":[{"href":"https:\/\/www.viajeros.net\/vwp\/wp-json\/wp\/v2\/pages"}],"about":[{"href":"https:\/\/www.viajeros.net\/vwp\/wp-json\/wp\/v2\/types\/page"}],"author":[{"embeddable":true,"href":"https:\/\/www.viajeros.net\/vwp\/wp-json\/wp\/v2\/users\/1"}],"replies":[{"embeddable":true,"href":"https:\/\/www.viajeros.net\/vwp\/wp-json\/wp\/v2\/comments?post=109"}],"version-history":[{"count":1,"href":"https:\/\/www.viajeros.net\/vwp\/wp-json\/wp\/v2\/pages\/109\/revisions"}],"predecessor-version":[{"id":110,"href":"https:\/\/www.viajeros.net\/vwp\/wp-json\/wp\/v2\/pages\/109\/revisions\/110"}],"wp:attachment":[{"href":"https:\/\/www.viajeros.net\/vwp\/wp-json\/wp\/v2\/media?parent=109"}],"curies":[{"name":"wp","href":"https:\/\/api.w.org\/{rel}","templated":true}]}}