{"id":111,"date":"2018-09-07T16:08:41","date_gmt":"2018-09-07T16:08:41","guid":{"rendered":"https:\/\/www.viajeros.net\/vwp\/?page_id=111"},"modified":"2018-09-07T16:08:41","modified_gmt":"2018-09-07T16:08:41","slug":"antes-de-amarte","status":"publish","type":"page","link":"https:\/\/www.viajeros.net\/vwp\/antes-de-amarte\/","title":{"rendered":"Antes de amarte"},"content":{"rendered":"\n<p>Antes de amarte, amor, nada era m\u00edo:<br\/>vacil\u00e9 por las calles y las cosas:<br\/>nada contaba ni ten\u00eda nombre:<br\/>el mundo era del aire que esperaba.<br\/>Yo conoc\u00ed salones cenicientos,<br\/>t\u00faneles habitados por la luna,<br\/>hangares crueles que se desped\u00edan,<br\/>preguntas que insist\u00edan en la arena.<br\/>Todo estaba vac\u00edo, muerto y mudo,<br\/>ca\u00eddo, abandonado y deca\u00eddo,<br\/>todo era inalienablemente ajeno,<br\/>todo era de los otros y de nadie,<br\/>hasta que tu belleza y tu pobreza<br\/>llenaron el oto\u00f1o de regalos<\/p>\n\n\n\n<p>\u00a9 Mauricio Osornio<\/p>\n\n\n\n<p>Compartido por Gabriela Wong, Mex. (2003)<\/p>\n","protected":false},"excerpt":{"rendered":"<p>Antes de amarte, amor, nada era m\u00edo:vacil\u00e9 por las calles y las cosas:nada contaba ni ten\u00eda nombre:el mundo era del aire que esperaba.Yo conoc\u00ed salones cenicientos,t\u00faneles habitados por la luna,hangares crueles que se desped\u00edan,preguntas que insist\u00edan en la arena.Todo estaba vac\u00edo, muerto y mudo,ca\u00eddo, abandonado y deca\u00eddo,todo era inalienablemente ajeno,todo era de los otros y &hellip; <\/p>\n<p class=\"link-more\"><a href=\"https:\/\/www.viajeros.net\/vwp\/antes-de-amarte\/\" class=\"more-link\">Continue reading<span class=\"screen-reader-text\"> &#8220;Antes de amarte&#8221;<\/span><\/a><\/p>\n","protected":false},"author":1,"featured_media":0,"parent":0,"menu_order":0,"comment_status":"closed","ping_status":"closed","template":"","meta":{"footnotes":""},"class_list":["post-111","page","type-page","status-publish","hentry"],"_links":{"self":[{"href":"https:\/\/www.viajeros.net\/vwp\/wp-json\/wp\/v2\/pages\/111","targetHints":{"allow":["GET"]}}],"collection":[{"href":"https:\/\/www.viajeros.net\/vwp\/wp-json\/wp\/v2\/pages"}],"about":[{"href":"https:\/\/www.viajeros.net\/vwp\/wp-json\/wp\/v2\/types\/page"}],"author":[{"embeddable":true,"href":"https:\/\/www.viajeros.net\/vwp\/wp-json\/wp\/v2\/users\/1"}],"replies":[{"embeddable":true,"href":"https:\/\/www.viajeros.net\/vwp\/wp-json\/wp\/v2\/comments?post=111"}],"version-history":[{"count":1,"href":"https:\/\/www.viajeros.net\/vwp\/wp-json\/wp\/v2\/pages\/111\/revisions"}],"predecessor-version":[{"id":112,"href":"https:\/\/www.viajeros.net\/vwp\/wp-json\/wp\/v2\/pages\/111\/revisions\/112"}],"wp:attachment":[{"href":"https:\/\/www.viajeros.net\/vwp\/wp-json\/wp\/v2\/media?parent=111"}],"curies":[{"name":"wp","href":"https:\/\/api.w.org\/{rel}","templated":true}]}}