{"id":117,"date":"2018-09-07T16:25:50","date_gmt":"2018-09-07T16:25:50","guid":{"rendered":"https:\/\/www.viajeros.net\/vwp\/?page_id=117"},"modified":"2018-09-07T16:25:50","modified_gmt":"2018-09-07T16:25:50","slug":"una-ensenanza-sobre-el-amor","status":"publish","type":"page","link":"https:\/\/www.viajeros.net\/vwp\/una-ensenanza-sobre-el-amor\/","title":{"rendered":"Una ense\u00f1anza sobre el amor"},"content":{"rendered":"\n<p>Un famoso maestro se encontr\u00f3 frente a un grupo de j\u00f3venes que estaban en contra del matrimonio.<\/p>\n\n\n\n<p>Los muchachos argumentaban que el romanticismo constituye el verdadero sustento de las parejas y que es preferible acabar con la relaci\u00f3n cuando este se apaga, en lugar de entrar a la hueca monoton\u00eda del matrimonio.<\/p>\n\n\n\n<p>El maestro les dijo que respetaba su opini\u00f3n, pero les relato lo siguiente:<\/p>\n\n\n\n<p>&#8221; Mis padres vivieron 55 anos casados. Una ma\u00f1ana mi mam\u00e1? bajaba las escaleras para prepararle a pap\u00e1 el desayuno y sufri\u00f3 un infarto y se cayo. Mi padre la alcanzo, la levanto como pudo y casi a rastras la subi\u00f3 a la camioneta.<\/p>\n\n\n\n<p>A toda velocidad, rebasando, sin respetar los altos, condujo hasta el hospital.<\/p>\n\n\n\n<p>Cuando llego, por desgracia, ya hab\u00eda fallecido.<\/p>\n\n\n\n<p>Durante el sepelio, mi padre no hablo, su mirada estaba perdida. Casi no llor\u00f3.<\/p>\n\n\n\n<p>Esa noche sus hijos nos reunimos con el. En un ambiente de dolor y nostalgia recordamos hermosas an\u00e9cdotas.<\/p>\n\n\n\n<p>El pidi\u00f3 a mi hermano te\u00f3logo que le dijera, donde estar\u00eda mama en ese momento.<\/p>\n\n\n\n<p>Mi hermano comenz\u00f3 a hablar de la vida despu\u00e9s de la muerte, conjeturo como y donde estar\u00eda ella. Mi padreescuchaba con gran atenci\u00f3n.<\/p>\n\n\n\n<p>De pronto pidi\u00f3: &#8220;ll\u00e9venme al cementerio&#8221;.<\/p>\n\n\n\n<p>&#8220;Papa&#8221; respondimos &#8221; Son las 11 de la noche!<\/p>\n\n\n\n<p>No podemos ir al cementerio ahora!<\/p>\n\n\n\n<p>Alzo la voz y con una mirada vidriosa dijo:<\/p>\n\n\n\n<p>&#8220;No discutan conmigo por favor, no discutan con el hombre que acaba de perder a la que fue su esposa por 55 a\u00f1os&#8221;.<\/p>\n\n\n\n<p>Se produjo un momento de respetuoso silencio. No discutimos mas. Fuimos al cementerio, pedimos permiso al velador, con una linterna llegamos a la lapida.<\/p>\n\n\n\n<p>Mi padre la acarici\u00f3, llor\u00f3 y nos dijo a sus hijos que ve\u00edamos la escena conmovidos: &#8220;Fueron 55 buenos a\u00f1os&#8230;saben?, Nadie puede hablar del amor verdadero si no tiene idea de lo que es compartir la vida con una mujer as\u00ed&#8221;.<\/p>\n\n\n\n<p>Hizo una pausa y se limpio la cara.<\/p>\n\n\n\n<p>&#8220;Ella y yo estuvimos juntos en aquella crisis, Cambio de empleo&#8221;,<\/p>\n\n\n\n<p>continuo, &#8220;Hicimos el equipaje cuando vendimos la casa<\/p>\n\n\n\n<p>y nos mudamos de ciudad. Compartimos la alegr\u00eda de ver a nuestros hijos terminar sus carreras, lloramos uno al lado del otro la partida de seres queridos, rezamos juntos en la sala de espera de algunos hospitales, nos apoyamos en el dolor, nos abrazamos en cada Navidad, y perdonamos nuestros errores&#8230;<\/p>\n\n\n\n<p>Hijos, ahora se ha ido y estoy contento, saben por que?,<\/p>\n\n\n\n<p>porque se fue antes que yo, no tuvo que vivir la agon\u00eda y el dolor de enterrarme, de quedarse sola despu\u00e9s de mi partida .Ser\u00e9 yo quien pase por eso, y le doy gracias a Dios. La amo tanto que no me hubiera gustado que sufriera&#8230;&#8221;<\/p>\n\n\n\n<p>Cuando mi padre termino de hablar, mis hermanos y yo ten\u00edamos el rostro empapado de lagrimas. Lo abrazamos y el nos consol\u00f3: &#8220;Todo esta bien hijos, podemos irnos a casa; ha sido un buen d\u00eda&#8221;.<\/p>\n\n\n\n<p>Esa noche entend\u00ed lo que es el verdadero amor.<\/p>\n\n\n\n<p>Dista mucho del romanticismo, de la rumba y pasarla bien, no tiene que ver demasiado con el erotismo, mas bien se vincula al trabajo y al cuidado que se profesan dos personas realmente comprometidas.<\/p>\n\n\n\n<p>Cuando el maestro termino de hablar, los j\u00f3venes universitarios no pudieron debatirle. ese tipo de amor; era algo que no conoc\u00edan.<\/p>\n\n\n\n<p>Compartido por Francy Arias, Venezuela. (2004)<\/p>\n","protected":false},"excerpt":{"rendered":"<p>Un famoso maestro se encontr\u00f3 frente a un grupo de j\u00f3venes que estaban en contra del matrimonio. Los muchachos argumentaban que el romanticismo constituye el verdadero sustento de las parejas y que es preferible acabar con la relaci\u00f3n cuando este se apaga, en lugar de entrar a la hueca monoton\u00eda del matrimonio. El maestro les &hellip; <\/p>\n<p class=\"link-more\"><a href=\"https:\/\/www.viajeros.net\/vwp\/una-ensenanza-sobre-el-amor\/\" class=\"more-link\">Continue reading<span class=\"screen-reader-text\"> &#8220;Una ense\u00f1anza sobre el amor&#8221;<\/span><\/a><\/p>\n","protected":false},"author":1,"featured_media":0,"parent":0,"menu_order":0,"comment_status":"closed","ping_status":"closed","template":"","meta":{"footnotes":""},"class_list":["post-117","page","type-page","status-publish","hentry"],"_links":{"self":[{"href":"https:\/\/www.viajeros.net\/vwp\/wp-json\/wp\/v2\/pages\/117","targetHints":{"allow":["GET"]}}],"collection":[{"href":"https:\/\/www.viajeros.net\/vwp\/wp-json\/wp\/v2\/pages"}],"about":[{"href":"https:\/\/www.viajeros.net\/vwp\/wp-json\/wp\/v2\/types\/page"}],"author":[{"embeddable":true,"href":"https:\/\/www.viajeros.net\/vwp\/wp-json\/wp\/v2\/users\/1"}],"replies":[{"embeddable":true,"href":"https:\/\/www.viajeros.net\/vwp\/wp-json\/wp\/v2\/comments?post=117"}],"version-history":[{"count":1,"href":"https:\/\/www.viajeros.net\/vwp\/wp-json\/wp\/v2\/pages\/117\/revisions"}],"predecessor-version":[{"id":118,"href":"https:\/\/www.viajeros.net\/vwp\/wp-json\/wp\/v2\/pages\/117\/revisions\/118"}],"wp:attachment":[{"href":"https:\/\/www.viajeros.net\/vwp\/wp-json\/wp\/v2\/media?parent=117"}],"curies":[{"name":"wp","href":"https:\/\/api.w.org\/{rel}","templated":true}]}}