{"id":119,"date":"2018-09-07T16:30:11","date_gmt":"2018-09-07T16:30:11","guid":{"rendered":"https:\/\/www.viajeros.net\/vwp\/?page_id=119"},"modified":"2018-10-03T13:41:59","modified_gmt":"2018-10-03T13:41:59","slug":"actualizacion-de-sistema","status":"publish","type":"page","link":"https:\/\/www.viajeros.net\/vwp\/actualizacion-de-sistema\/","title":{"rendered":"Actualizaci\u00f3n de Sistema"},"content":{"rendered":"\n<p><em>RECOMENDACION: Leer con cuidado antes de comprar en instalar nuevo software. Preferible probar una versi\u00f3n beta antes de hacer cambios importantes en los sistemas operativos&#8230;..<\/em><\/p>\n\n\n\n<p><em><\/em><\/p>\n\n\n\n<hr class=\"wp-block-separator\"\/>\n\n\n\n<p>Carta de una usuaria<\/p>\n\n\n\n<p>Soporte T\u00e9cnico<br\/>A Qui\u00e9n Corresponda:<\/p>\n\n\n\n<p>El a\u00f1o pasado hice el upgrade de Novio 5.0 al programa Esposo 1.0 y note que el nuevo programa estaba haciendo cambios inesperados a mis programas de contabilidad, severamente limitando el acceso a las aplicaciones de vestidos, flores y joyas, que sol\u00edan operar sin ning\u00fan problema bajo Novio 5.0.<\/p>\n\n\n\n<p>Nunca se menciono este problema en el folleto que venia con Esposo 1.0, adem\u00e1s, me he dado cuenta que Esposo 1.0 desinstala muchos programas que yo considero valiosos, como por ejemplo CenayBaile 7.5,CruceroBahamas 2.3, y NochedeCine 6.1&#8230;<\/p>\n\n\n\n<p>Ahora le ha dado por instalar programas que a mi no me interesan, como son NochedeDomino 1.3, DomingodeFutbol 5.0, y hasta PincheCochineroPorTodosLados 4.5.<\/p>\n\n\n\n<p>El programa Conversaci\u00f3n 8.0 ya no corre tampoco, y a veces hasta hace crash de sistema. Bajo ninguna circunstancia corre CambiaPa\u00f1al 9.2 o LimpiaLaCasa 2.6.<\/p>\n\n\n\n<p>He intentado correr el programa HazBerrinche 5.3 (De Norton) para corregir el problema, pero no ha resuelto nada y solo me pone un aviso de ERROR 101: Marido flojonazo.<\/p>\n\n\n\n<p>\u00bfMe podr\u00edan ayudar, por favor?<\/p>\n\n\n\n<p>Gracias,<\/p>\n\n\n\n<p>Andrea Castello<\/p>\n\n\n\n<p>*********<\/p>\n\n\n\n<p>Querida Andrea:<\/p>\n\n\n\n<p>Este es un problema del cual recibimos muchas quejas, pero casi siempre es porque no entienden el programa. Muchas mujeres hacen el upgrade de Novio 5.0 a Esposo 1.0 sin tener idea que Novio 5.0 es meramente un paquete de ENTRETENIMIENTO.<\/p>\n\n\n\n<p>En cambio, Esposo 1.0 es un Sistema Operativo que fue creado para correr un m\u00ednimo de aplicaciones&#8230;<\/p>\n\n\n\n<p>No se puede purgar el programa y regresar a Novio 5.0, porque Esposo 1.0 no esta dise\u00f1ado para hacer esto&#8230;<\/p>\n\n\n\n<p>Archivos escondidos en el sistema hacen que Novio 5.0 comience a emular al programa Esposo 1.0, as\u00ed que no ganas nada&#8230;<\/p>\n\n\n\n<p>Es imposible desinstalar, borrar o purgar los archivos del programa del sistema, una vez que se hizo la instalaci\u00f3n. Cualquier programa que quieras instalar solamente se puede hacer una vez al a\u00f1o, ya que Esposo 1.0 tiene muy poca memoria.<\/p>\n\n\n\n<p>Los errores de sistema son comunes porque ustedes en su desesperaci\u00f3n, tratan de reinstalar algunos de sus programas viejos favoritos.<\/p>\n\n\n\n<p>Muchas veces hasta tratan de instalar Novio 6.0 o hasta Esposo 2.0. Sin embargo, estas soluciones solo generan mas problemas que al principio con la versi\u00f3n original de Esposo 1.0.<\/p>\n\n\n\n<p>En tu manual, f\u00edjate en la secci\u00f3n &#8220;Advertencia: &#8220;Divorcios y Demandas&#8221;. Ah\u00ed te vas a dar cuenta que el paquete viene con LlantoYDolor 1.3, y lo \u00fanico que hay que hacer es aprender a vivir con las deficiencias del programa.<\/p>\n\n\n\n<p>Teniendo instalado el programa Esposo 1.0, te recomiendo que leas la secci\u00f3n que habla acerca de los archivos CulpabilidadYChantaje (CYC&#8217;s). Este es un maravilloso aspecto del programa que viene integrado desde que Esposo 1.0 sali\u00f3 de su programa matriz. Esto indica que Esposo 1.0 debe tomar TODA la responsabilidad de toda culpa y problema, cualquiera que sea la causa.<\/p>\n\n\n\n<p>Para activar esta maravillosa funci\u00f3n solamente escribe el siguiente comando: C:\/\/YANOMEQUIERESVERDAD?.EXE A veces hay que correr Lagrimas 6.2 simult\u00e1neamente cuando escribes este comando. Te dar\u00e1s cuenta que tu comando funciono si Esposo 1.0 comienza a correr PedirPerdon 5.3 y MandarFloresChocolates 2.7 autom\u00e1ticamente. No abuses de este comando. Si lo usas demasiado vas a saturar la memoria y el disco va a dejar de ser tan duro.<\/p>\n\n\n\n<p>Para que el disco se vuelva a endurecer tendr\u00e1s que correr el comando C:\/\/PEDIRPERDON.EXE y a veces hasta C:\/\/UNALLORADITA.EXE para que tu sistema vuelva a correr normalmente. Si abusas el comando, Esposo 1.0 tambi\u00e9n podr\u00eda correr el programa JetaYSilencio 2.5 (Que es muy molesto), o a veces hasta Cerveza 6.0, que causa que Esposo 1.0 comience a generar archivos PanzaDeBorracho.jpg y archivos de sonido RONQUIDO.WAV que son muy dif\u00edciles de borrar.<\/p>\n\n\n\n<p>Solo recuerda que el sistema esta dise\u00f1ado para correr sin muchas aplicaciones adicionales. Recuerda las limitaciones de memoria de Esposo 1.0 y no trates de cargarle demasiados programas.<\/p>\n\n\n\n<p>Te recomiendo algunas aplicaciones que pueden ayudar al desempe\u00f1o de Esposo 1.0 como ComidaCaliente 3.0, CalzonzitoSexy 5.2 y Paciencia 6.9, que te mantendr\u00e1 el sistema operativo en perfecto estado. Con el uso diario, podr\u00edas descubrir algunas ventajas que el sistema operativo te ofrece, como son ComponeCosas2.1, CuidaLaCasa 4.2 y hasta MejorAmigo 7.5<\/p>\n\n\n\n<p>Una recomendaci\u00f3n final: NUNCA trates de instalar el programa Suegra 1.0 ya que el sistema operativo no es compatible con esta aplicaci\u00f3n y causa severos da\u00f1os a todos tus archivos. Hasta que no quites ese programa infeccioso, Esposo 1.0 no har\u00e1 nada mas que correr MegaPeda 9.4.<\/p>\n\n\n\n<p>Espero que te sean \u00fatiles mis recomendaciones y que aprendas a usar este maravilloso programa y que te otorgue muchos a\u00f1os de operaci\u00f3n.<\/p>\n\n\n\n<p>Gracias por adquirir Esposo 1.0<\/p>\n\n\n\n<p>Desarrollo de Soporte T\u00e9cnico Esposo 1.0<\/p>\n\n\n\n<hr class=\"wp-block-separator\"\/>\n\n\n\n<p><span id=\"mce_1_start\" style=\"overflow:hidden;line-height:0px\"><\/span>Compartido por Gabriela Wong, Mex. (2004)<\/p>\n","protected":false},"excerpt":{"rendered":"<p>RECOMENDACION: Leer con cuidado antes de comprar en instalar nuevo software. Preferible probar una versi\u00f3n beta antes de hacer cambios importantes en los sistemas operativos&#8230;.. Carta de una usuaria Soporte T\u00e9cnicoA Qui\u00e9n Corresponda: El a\u00f1o pasado hice el upgrade de Novio 5.0 al programa Esposo 1.0 y note que el nuevo programa estaba haciendo cambios &hellip; <\/p>\n<p class=\"link-more\"><a href=\"https:\/\/www.viajeros.net\/vwp\/actualizacion-de-sistema\/\" class=\"more-link\">Continue reading<span class=\"screen-reader-text\"> &#8220;Actualizaci\u00f3n de Sistema&#8221;<\/span><\/a><\/p>\n","protected":false},"author":1,"featured_media":0,"parent":0,"menu_order":0,"comment_status":"closed","ping_status":"closed","template":"","meta":{"footnotes":""},"class_list":["post-119","page","type-page","status-publish","hentry"],"_links":{"self":[{"href":"https:\/\/www.viajeros.net\/vwp\/wp-json\/wp\/v2\/pages\/119","targetHints":{"allow":["GET"]}}],"collection":[{"href":"https:\/\/www.viajeros.net\/vwp\/wp-json\/wp\/v2\/pages"}],"about":[{"href":"https:\/\/www.viajeros.net\/vwp\/wp-json\/wp\/v2\/types\/page"}],"author":[{"embeddable":true,"href":"https:\/\/www.viajeros.net\/vwp\/wp-json\/wp\/v2\/users\/1"}],"replies":[{"embeddable":true,"href":"https:\/\/www.viajeros.net\/vwp\/wp-json\/wp\/v2\/comments?post=119"}],"version-history":[{"count":4,"href":"https:\/\/www.viajeros.net\/vwp\/wp-json\/wp\/v2\/pages\/119\/revisions"}],"predecessor-version":[{"id":258,"href":"https:\/\/www.viajeros.net\/vwp\/wp-json\/wp\/v2\/pages\/119\/revisions\/258"}],"wp:attachment":[{"href":"https:\/\/www.viajeros.net\/vwp\/wp-json\/wp\/v2\/media?parent=119"}],"curies":[{"name":"wp","href":"https:\/\/api.w.org\/{rel}","templated":true}]}}