{"id":121,"date":"2018-09-07T16:32:27","date_gmt":"2018-09-07T16:32:27","guid":{"rendered":"https:\/\/www.viajeros.net\/vwp\/?page_id=121"},"modified":"2018-09-07T16:32:27","modified_gmt":"2018-09-07T16:32:27","slug":"los-tres-viejos","status":"publish","type":"page","link":"https:\/\/www.viajeros.net\/vwp\/los-tres-viejos\/","title":{"rendered":"Los tres viejos"},"content":{"rendered":"\n<p>Una mujer sali\u00f3 de su casa y vio a tres viejos de largas barbas sentados frente a su jard\u00edn.<\/p>\n\n\n\n<p>Ella no los conoc\u00eda y les dijo: No creo conocerlos, pero deben tener hambre. Por favor entren a mi casa para que coman algo.<\/p>\n\n\n\n<p>\u00bfEst\u00e1 el hombre de la casa? No &#8211; respondi\u00f3 ella -, no est\u00e1. Entonces no podemos entrar &#8211; dijeron ellos.<\/p>\n\n\n\n<p>Al atardecer, cuando el marido lleg\u00f3, ella le cont\u00f3 lo sucedido. Entonces diles que ya llegu\u00e9 e inv\u00edtalos a pasar. La mujer sali\u00f3 a invitar a los hombres a pasar a su casa.<\/p>\n\n\n\n<p>No podemos entrar a una casa los tres juntos explicaron los viejitos.<\/p>\n\n\n\n<p>\u00bfPor qu\u00e9? &#8211; quiso saber ella.<\/p>\n\n\n\n<p>Uno de los hombres apunt\u00f3 hacia otro de sus amigos y explic\u00f3: &#8211; Su nombre es Riqueza. &#8211; Luego indic\u00f3 hacia el otro) Su nombre es \u00c9xito y yo me llamo Amor. Ahora ve adentro y decidan con tu marido a cu\u00e1l de nosotros tres ustedes desean invitar a vuestra casa.<\/p>\n\n\n\n<p>La mujer entr\u00f3 a su casa y le cont\u00f3 a su marido lo que ellos le dijeron. El hombre se puso feliz: \u00a1Qu\u00e9 bueno! Y ya que as\u00ed es el asunto, entonces invitemos a Riqueza, dejemos que entre y llene nuestra casa de riqueza. Su esposa no estuvo de acuerdo: Querido, \u00bfpor qu\u00e9 no invitamos a Exito? La hija del matrimonio estaba escuchando desde la otra esquina de la casa y vino corriendo con una idea: \u00bfNo ser\u00eda mejor invitar a Amor? Nuestro hogar entonces estar\u00eda lleno de amor.<\/p>\n\n\n\n<p>Hagamos caso del consejo de nuestra hija &#8211; dijo el esposo a su mujer, Ve afuera e invita a Amor a que sea nuestro hu\u00e9sped.<\/p>\n\n\n\n<p>La esposa sali\u00f3 afuera y les pregunt\u00f3 a los tres viejos: \u00bfCu\u00e1l de ustedes es Amor? Por favor que venga para que sea nuestro invitado.<\/p>\n\n\n\n<p>Amor se puso de pie y comenz\u00f3 a caminar hacia la casa. Los otros dos tambi\u00e9n se levantaron y lo siguieron.<\/p>\n\n\n\n<p>Sorprendida, la dama les pregunt\u00f3 a Riqueza y \u00c9xito: Yo s\u00f3lo invit\u00e9 a Amor, \u00bfpor qu\u00e9 ustedes tambi\u00e9n vienen? Los viejos respondieron juntos: Si hubieras invitado a Riqueza o \u00c9xito, los otros dos habr\u00edan permanecido afuera, pero ya que invitaste a Amor, donde sea que \u00e9l vaya, nosotros vamos con \u00e9l. Donde quiera que hay amor, hay tambi\u00e9n riqueza y \u00e9xito.<\/p>\n\n\n\n<p>Compartido por Francy Arias, Venezuela. (2004)<\/p>\n","protected":false},"excerpt":{"rendered":"<p>Una mujer sali\u00f3 de su casa y vio a tres viejos de largas barbas sentados frente a su jard\u00edn. Ella no los conoc\u00eda y les dijo: No creo conocerlos, pero deben tener hambre. Por favor entren a mi casa para que coman algo. \u00bfEst\u00e1 el hombre de la casa? No &#8211; respondi\u00f3 ella -, no &hellip; <\/p>\n<p class=\"link-more\"><a href=\"https:\/\/www.viajeros.net\/vwp\/los-tres-viejos\/\" class=\"more-link\">Continue reading<span class=\"screen-reader-text\"> &#8220;Los tres viejos&#8221;<\/span><\/a><\/p>\n","protected":false},"author":1,"featured_media":0,"parent":0,"menu_order":0,"comment_status":"closed","ping_status":"closed","template":"","meta":{"footnotes":""},"class_list":["post-121","page","type-page","status-publish","hentry"],"_links":{"self":[{"href":"https:\/\/www.viajeros.net\/vwp\/wp-json\/wp\/v2\/pages\/121","targetHints":{"allow":["GET"]}}],"collection":[{"href":"https:\/\/www.viajeros.net\/vwp\/wp-json\/wp\/v2\/pages"}],"about":[{"href":"https:\/\/www.viajeros.net\/vwp\/wp-json\/wp\/v2\/types\/page"}],"author":[{"embeddable":true,"href":"https:\/\/www.viajeros.net\/vwp\/wp-json\/wp\/v2\/users\/1"}],"replies":[{"embeddable":true,"href":"https:\/\/www.viajeros.net\/vwp\/wp-json\/wp\/v2\/comments?post=121"}],"version-history":[{"count":1,"href":"https:\/\/www.viajeros.net\/vwp\/wp-json\/wp\/v2\/pages\/121\/revisions"}],"predecessor-version":[{"id":122,"href":"https:\/\/www.viajeros.net\/vwp\/wp-json\/wp\/v2\/pages\/121\/revisions\/122"}],"wp:attachment":[{"href":"https:\/\/www.viajeros.net\/vwp\/wp-json\/wp\/v2\/media?parent=121"}],"curies":[{"name":"wp","href":"https:\/\/api.w.org\/{rel}","templated":true}]}}