{"id":154,"date":"2018-09-07T19:37:28","date_gmt":"2018-09-07T19:37:28","guid":{"rendered":"https:\/\/www.viajeros.net\/vwp\/?page_id=154"},"modified":"2018-10-05T16:40:18","modified_gmt":"2018-10-05T16:40:18","slug":"seminario-conciliar-de-mexico","status":"publish","type":"page","link":"https:\/\/www.viajeros.net\/vwp\/seminario-conciliar-de-mexico\/","title":{"rendered":"Seminario Conciliar de M\u00e9xico"},"content":{"rendered":"\n<p>Historia<\/p>\n\n\n\n<p>El III Concilio Provincial Mexicano celebrado en 1585 hablaba ya sobre la fundaci\u00f3n del\u00a0<strong>Seminario Conciliar<\/strong>\u00a0como lo ped\u00eda el Concilio de Trento. En 1592 Felipe II de Espa\u00f1a, expidi\u00f3 una C\u00e9dula Real donde orden\u00f3 la fundaci\u00f3n de seminarios en todos los virreinatos de la Nueva Espa\u00f1a. En 1697, el Arzobispo Aguiar y Seijas emiti\u00f3 las primeras Constituciones para el Seminario Conciliar de M\u00e9xico. El 18 de octubre del mismo a\u00f1o bendijo el inicio de clases de gram\u00e1tica y moral, consider\u00e1ndose \u00e9sta la erecci\u00f3n can\u00f3nica y la apertura. Con el paso del tiempo se fueron agregando nuevas c\u00e1tedras a la ense\u00f1anza de la filosof\u00eda y teolog\u00eda, a la par de las constantes renovaciones de las constituciones que serv\u00edan de reglamentaci\u00f3n interna.<\/p>\n\n\n\n<p>El periodo que corre de principios del siglo XVIII y parte del XIX puede ser considerado con el de la definici\u00f3n y maduraci\u00f3n institucional del Seminario. Con la promulgaci\u00f3n de las Leyes de Reforma en 1860, el Seminario fue protagonista de los cambios socio pol\u00edticos del pa\u00eds. El Seminario, junto con la Iglesia, vivi\u00f3 todo una \u00e9poca de tensiones por la conformaci\u00f3n republicana del M\u00e9xico Moderno. A partir de 1914 sufri\u00f3 con m\u00e1s rigor una persecuci\u00f3n contra la Iglesia por parte de los gobiernos post revolucionarios. Habiendo tenido instalaciones en Mixcoac, Tacubaya y otras casas alquiladas en Temascalcingo, Valle de Bravo y San Juan Teotihuacan, fue hasta 1940 cuando se entreg\u00f3 la casa de Moneda 2 en Tlalpan para la construcci\u00f3n de la nueva sede.<\/p>\n\n\n\n<p>El Seminario Menor dej\u00f3 Temascalcingo, ocupando su nueva sede el 10 de abril del mismo a\u00f1o en las actuales instalaciones de la Casa Huipulco. El Seminario obtuvo un notable auge en materia de educaci\u00f3n y formaci\u00f3n sacerdotal tras el Concilio Vaticano II, con la apertura del Colegio de Bachilleres, primero en Huipulco y luego en Xochimilco en 1966. Le seguir\u00eda la fundaci\u00f3n del Instituto Superior de Estudios Eclesi\u00e1sticos un a\u00f1o despu\u00e9s.<\/p>\n\n\n\n<p>La historia tricentenaria del Seminario conciliar de M\u00e9xico nos permite hacer conciencia del valor de la misi\u00f3n prof\u00e9tica de la Iglesia. En el siglo XXI, la memoria quiere mencionar a todos los actores de esta historia integrada por arzobispos, reyes, virreyes, \u00f3rdenes religiosas, cardenales, rectores, formadores, constructores, intelectuales, alumnos y Pueblo de Dios que han contribuido a eslabonar este proyecto de fe y de salvaci\u00f3n en la Iglesia.<\/p>\n\n\n\n<p style=\"text-align:right\">cfr.\u00a0http:\/\/www.conciliar.mx\/el-seminario\/historia<\/p>\n\n\n\n<hr class=\"wp-block-separator\"\/>\n\n\n\n<p><strong>Trabajos de investigaci\u00f3n (etapa Teol\u00f3gica)<\/strong><\/p>\n\n\n\n<ul class=\"wp-block-list\"><li><a href=\"https:\/\/www.viajeros.net\/vwp\/arrianismo\/\">Arrianismo<\/a><\/li><li><a href=\"https:\/\/www.viajeros.net\/vwp\/de-sacerdotis\/\">De Sacerdotis<\/a><\/li><li><a href=\"https:\/\/www.viajeros.net\/vwp\/eclesiologia-veterotestamentaria\/\">Eclesiolog\u00eda Veterotestamentaria<\/a><\/li><li><a href=\"https:\/\/www.viajeros.net\/vwp\/el-caracter-cientifico-de-la-teologia-espiritual\/\">El car\u00e1cter cient\u00edfico de la Teolog\u00eda Espiritual<\/a><\/li><li><a href=\"https:\/\/www.viajeros.net\/vwp\/el-espiritu-santo-lg-4\/\">El Esp\u00edritu Santo (LG 4)<\/a><\/li><li><a href=\"https:\/\/www.viajeros.net\/vwp\/el-hijo-y-su-mision-lg-3\/\">El Hijo y su misi\u00f3n (LG 3)<\/a><\/li><li><a href=\"https:\/\/www.viajeros.net\/vwp\/el-padre-y-la-salvacion-del-hombre-lg-2\/\">El Padre y la salvaci\u00f3n del hombre (LG 2)<\/a><\/li><li><a href=\"https:\/\/www.viajeros.net\/vwp\/el-papado-y-la-iglesia-naciente-en-america-latina-1808-1825\/\">El Papado y la Iglesia naciente en America Latina (1808 &#8211; 1825)<\/a><\/li><li><a href=\"https:\/\/www.viajeros.net\/vwp\/el-reino-de-dios-lg-5\/\">El Reino de Dios (LG 5)<\/a><\/li><li><a href=\"https:\/\/www.viajeros.net\/vwp\/el-sacrificio-eucaristico\/\">El Sacrificio Eucar\u00edstico<\/a><\/li><li><a href=\"https:\/\/www.viajeros.net\/vwp\/exercicios-spirituales\/\">Exercicios Spirituales (S. Ignacio de Loyola)<\/a><\/li><li><a href=\"https:\/\/www.viajeros.net\/vwp\/la-fraternidad-en-las-primeras-comunidades-cristianas\/\">La fraternidad en las primeras comunidades cristianas<\/a><\/li><li><a href=\"https:\/\/www.viajeros.net\/vwp\/la-identidad-de-la-espiritualidad-cristiana\/\">La identidad de la espiritualidad cristiana<\/a><\/li><li><a href=\"https:\/\/www.viajeros.net\/vwp\/la-iglesia-del-vaticano-ii\/\">La Iglesia del Vaticano II<\/a><\/li><li><a href=\"https:\/\/www.viajeros.net\/vwp\/la-iglesia-en-los-escritos-de-lucas\/\">La Iglesia en los escritos de Lucas<\/a><\/li><li><a href=\"https:\/\/www.viajeros.net\/vwp\/la-iglesia-comunidad-a-la-vez-visible-y-espiritual-lg-8\/\">La Iglesia, comunidad a la vez visible y espiritual<\/a><\/li><li><a href=\"https:\/\/www.viajeros.net\/vwp\/la-iglesia-cuerpo-mistico-de-cristo-lg-7\/\">La Iglesia, Cuerpo m\u00edstico de Cristo<\/a><\/li><li><a href=\"https:\/\/www.viajeros.net\/vwp\/la-iglesia-sacramento-de-cristo\/\">La Iglesia, Sacramento de Cristo<\/a><\/li><li><a href=\"https:\/\/www.viajeros.net\/vwp\/la-virgen-maria-y-las-virtudes-teologales\/\">La Virgen Mar\u00eda y las Virtudes Teologales<\/a><\/li><li><a href=\"https:\/\/www.viajeros.net\/vwp\/las-diversas-imagenes-de-la-iglesia-en-el-nt-lg-6\/\">Las diversas imagenes de la Iglesia en el Nuevo Testamento<\/a><\/li><li><a href=\"https:\/\/www.viajeros.net\/vwp\/los-padres-en-la-iglesia-actual\/\">Los Padres en la Iglesia actual<\/a><\/li><li><a href=\"https:\/\/www.viajeros.net\/vwp\/maria-en-los-documentos-de-puebla-y-santo-domingo\/\">Mar\u00eda en los documentos de Puebla y Santo Domingo<\/a><\/li><li><a href=\"https:\/\/www.viajeros.net\/vwp\/reino-de-dios\/\">Reino de Dios<\/a><\/li><\/ul>\n\n\n\n<p><\/p>\n","protected":false},"excerpt":{"rendered":"<p>Historia El III Concilio Provincial Mexicano celebrado en 1585 hablaba ya sobre la fundaci\u00f3n del\u00a0Seminario Conciliar\u00a0como lo ped\u00eda el Concilio de Trento. En 1592 Felipe II de Espa\u00f1a, expidi\u00f3 una C\u00e9dula Real donde orden\u00f3 la fundaci\u00f3n de seminarios en todos los virreinatos de la Nueva Espa\u00f1a. En 1697, el Arzobispo Aguiar y Seijas emiti\u00f3 las &hellip; <\/p>\n<p class=\"link-more\"><a href=\"https:\/\/www.viajeros.net\/vwp\/seminario-conciliar-de-mexico\/\" class=\"more-link\">Continue reading<span class=\"screen-reader-text\"> &#8220;Seminario Conciliar de M\u00e9xico&#8221;<\/span><\/a><\/p>\n","protected":false},"author":1,"featured_media":0,"parent":0,"menu_order":0,"comment_status":"closed","ping_status":"closed","template":"","meta":{"footnotes":""},"class_list":["post-154","page","type-page","status-publish","hentry"],"_links":{"self":[{"href":"https:\/\/www.viajeros.net\/vwp\/wp-json\/wp\/v2\/pages\/154","targetHints":{"allow":["GET"]}}],"collection":[{"href":"https:\/\/www.viajeros.net\/vwp\/wp-json\/wp\/v2\/pages"}],"about":[{"href":"https:\/\/www.viajeros.net\/vwp\/wp-json\/wp\/v2\/types\/page"}],"author":[{"embeddable":true,"href":"https:\/\/www.viajeros.net\/vwp\/wp-json\/wp\/v2\/users\/1"}],"replies":[{"embeddable":true,"href":"https:\/\/www.viajeros.net\/vwp\/wp-json\/wp\/v2\/comments?post=154"}],"version-history":[{"count":6,"href":"https:\/\/www.viajeros.net\/vwp\/wp-json\/wp\/v2\/pages\/154\/revisions"}],"predecessor-version":[{"id":281,"href":"https:\/\/www.viajeros.net\/vwp\/wp-json\/wp\/v2\/pages\/154\/revisions\/281"}],"wp:attachment":[{"href":"https:\/\/www.viajeros.net\/vwp\/wp-json\/wp\/v2\/media?parent=154"}],"curies":[{"name":"wp","href":"https:\/\/api.w.org\/{rel}","templated":true}]}}