{"id":178,"date":"2018-09-07T21:28:50","date_gmt":"2018-09-07T21:28:50","guid":{"rendered":"https:\/\/www.viajeros.net\/vwp\/?page_id=178"},"modified":"2018-10-03T13:43:40","modified_gmt":"2018-10-03T13:43:40","slug":"admirable-vocacion","status":"publish","type":"page","link":"https:\/\/www.viajeros.net\/vwp\/admirable-vocacion\/","title":{"rendered":"Admirable Vocaci\u00f3n"},"content":{"rendered":"\n<p><a href=\"https:\/\/www.viajeros.net\/vwp\/wp-admin\/post.php?post=60&amp;action=edit\"><br\/><\/a>Cu\u00e1ntas veces Se\u00f1or<br\/>me pregunto y reflexiono\u2026<\/p>\n\n\n\n<p>Aquella admirable vocaci\u00f3n<br\/>del hombre sobre la amistad<br\/>la descubro en todos<br\/>la siento en mi\u2026<br\/>en mi alma y en mi esp\u00edritu<\/p>\n\n\n\n<p>Como un llamado vital e irresistible<br\/>de comunicar a otros el bien y la belleza<br\/>en un juego rec\u00edproco y unificador<br\/>que nos adentra a conocernos<br\/>cada d\u00eda m\u00e1s\u2026<\/p>\n\n\n\n<hr class=\"wp-block-separator\"\/>\n\n\n\n<p>\n\nMar\u00eda Mitzy Brizuela, MEX. (1996)\n\n<\/p>\n","protected":false},"excerpt":{"rendered":"<p>Cu\u00e1ntas veces Se\u00f1orme pregunto y reflexiono\u2026 Aquella admirable vocaci\u00f3ndel hombre sobre la amistadla descubro en todosla siento en mi\u2026en mi alma y en mi esp\u00edritu Como un llamado vital e irresistiblede comunicar a otros el bien y la bellezaen un juego rec\u00edproco y unificadorque nos adentra a conocernoscada d\u00eda m\u00e1s\u2026 Mar\u00eda Mitzy Brizuela, MEX. (1996)<\/p>\n","protected":false},"author":1,"featured_media":0,"parent":0,"menu_order":0,"comment_status":"closed","ping_status":"closed","template":"","meta":{"footnotes":""},"class_list":["post-178","page","type-page","status-publish","hentry"],"_links":{"self":[{"href":"https:\/\/www.viajeros.net\/vwp\/wp-json\/wp\/v2\/pages\/178","targetHints":{"allow":["GET"]}}],"collection":[{"href":"https:\/\/www.viajeros.net\/vwp\/wp-json\/wp\/v2\/pages"}],"about":[{"href":"https:\/\/www.viajeros.net\/vwp\/wp-json\/wp\/v2\/types\/page"}],"author":[{"embeddable":true,"href":"https:\/\/www.viajeros.net\/vwp\/wp-json\/wp\/v2\/users\/1"}],"replies":[{"embeddable":true,"href":"https:\/\/www.viajeros.net\/vwp\/wp-json\/wp\/v2\/comments?post=178"}],"version-history":[{"count":2,"href":"https:\/\/www.viajeros.net\/vwp\/wp-json\/wp\/v2\/pages\/178\/revisions"}],"predecessor-version":[{"id":259,"href":"https:\/\/www.viajeros.net\/vwp\/wp-json\/wp\/v2\/pages\/178\/revisions\/259"}],"wp:attachment":[{"href":"https:\/\/www.viajeros.net\/vwp\/wp-json\/wp\/v2\/media?parent=178"}],"curies":[{"name":"wp","href":"https:\/\/api.w.org\/{rel}","templated":true}]}}