{"id":188,"date":"2018-09-10T19:25:26","date_gmt":"2018-09-10T19:25:26","guid":{"rendered":"https:\/\/www.viajeros.net\/vwp\/?page_id=188"},"modified":"2018-09-10T19:25:26","modified_gmt":"2018-09-10T19:25:26","slug":"maria-en-los-documentos-de-puebla-y-santo-domingo","status":"publish","type":"page","link":"https:\/\/www.viajeros.net\/vwp\/maria-en-los-documentos-de-puebla-y-santo-domingo\/","title":{"rendered":"Mar\u00eda en los documentos de Puebla y Santo Domingo"},"content":{"rendered":"\n<p><strong>Puebla<\/strong><\/p>\n\n\n\n<p><strong>282<\/strong>\u00a0En nuestros pueblos, el Evangelio ha sido anunciado, presentando a la Virgen Mar\u00eda como su realizaci\u00f3n m\u00e1s alta.. Desde los or\u00edgenes en su aparici\u00f3n y advocaci\u00f3n de Guadalupe\u00a0; Mar\u00eda constituy\u00f3 el gran signo, de rostro maternal y misericordioso, de la cercan\u00eda del Padre y de Cristo con quienes ella nos ivita a entrar en comuni\u00f3n. Mar\u00eda fue tambi\u00e9n la voz que impuls\u00f3 a la uni\u00f3n entre los hombres y los pueblos.<\/p>\n\n\n\n<p><strong>283<\/strong>\u00a0Pablo VI afirm\u00f3\u00a0 que la devoci\u00f3n a Mar\u00eda es\u00a0<em>un elemento cualificador e intr\u00ednseco de la genuina piedad dela iglesia y del culto cristiano<\/em>..<\/p>\n\n\n\n<p><strong>284<\/strong>\u00a0El pueblo sabe que encuentra a Mar\u00eda en la Iglesia Cat\u00f1ikuca. La piedad mariana ha sido, a menudo, el v\u00ednculo resistente que ha mantenido fieles a la Iglesia sectores que carec\u00edan de atenci\u00f3n pastoral adecuada.<\/p>\n\n\n\n<p><strong>285\u00a0<\/strong>El Pueblo creyente reconoce en la Iglesia la familia que tiene por madre a la Madre de Dios. En la Iglesia confirma su institnto evang\u00e9lico seg\u00fan el cual Mar\u00eda es el modelo perfecto del cristiano, la imagen ideal de la Iglesia.<\/p>\n\n\n\n<p><strong>286\u00a0<\/strong>La Iglesia\u00a0<em>instru\u00edda por el Esp\u00edritu Santo venera a Mar\u00eda como madre amant\u00edsima, con afecto de piedad filial<\/em>\u00a0(LG13).<\/p>\n\n\n\n<p><strong>287\u00a0<\/strong>Se nos ha revelado la admirable fecundidad de Mar\u00eda. Ella se hace Madre de Dios, del Cristo hist\u00f3rico en el fiat de la anunciaci\u00f3n, cuando el Esp\u00edtiu Santo la cubre con su sombra. Es Madre de la Iglesia por que es Madre de Cristo. Adem\u00e1s es nuestra Madre (Cf. LG 53).<\/p>\n\n\n\n<p><strong>288\u00a0<\/strong>La Iglesia, con la Evangelizaci\u00f3n, engendra nuevos hijos. Ese proceso que consiste en transformar desde dentro en renovar a la misma humanidad (EN 18) es un verdadero volver a nacer. Mar\u00eda es nuestra madre.<\/p>\n\n\n\n<p><strong>289\u00a0<\/strong>Mar\u00eda no s\u00f3lo vela por la Iglesia. Ella tiene un coraz\u00f3n tan amplio como el mundo e implora ante el Se\u00f1or de la historia por todos los pueblos.<\/p>\n\n\n\n<p><strong>290\u00a0<\/strong>Mientras peregrinamos, Mar\u00eda ser\u00e1 la Madre educadora de la fe (LG 63). Ella tiene que ser cada vez m\u00e1s la pedagoga del Evangelio en Am\u00e9rica Latina.<\/p>\n\n\n\n<p><strong>291\u00a0<\/strong>Mar\u00eda es verdaderamente Madre de la Iglesia. Marca al pueblo de Dios. Pablo VI hace suya una concisa f\u00f3rmula de la tradici\u00f3n\u00a0:\u00a0<em>No se puede hablar de la Iglesia si no est\u00e1 presente Mar\u00eda<\/em>\u00a0(M.C. 28).<\/p>\n\n\n\n<p><strong>292\u00a0<\/strong>Seg\u00fan el plan de Dios, en Mar\u00eda\u00a0<em>todo est\u00e1 referido a Cristo y todo depende de El<\/em>\u00a0(M.C. 25). Su existencia entera es na plena comuni\u00f3n con su Hijo. Ella di\u00f3 su s\u00ed a ese designio de amor. Libremente lo acept\u00f3 en la anunciaci\u00f3n y fue fiel a su palabra hasta el martirio del G\u00f3lgota. Fue la acompa\u00f1ante fiel del Se\u00f1or en todos sus caminos.<\/p>\n\n\n\n<p><strong>293\u00a0<\/strong>Mar\u00eda, llevada a la m\u00e1xima participaci\u00f3n con Cristo, es la colaboradora estrecha de su obra. Por esta comuni\u00f3n y participaci\u00f3n, la Virgen Inmaculada vive ahora inmersa en el misterio de la Trinidad, alabando la gloria de Dios e intercediendo por los hombres.<\/p>\n\n\n\n<p><strong>294\u00a0<\/strong>Ahora, cuando nuestra Iglesia Latinoamericana quiere dar un nuevo paso de fidelidad a su Se\u00f1or, miramos la figura viviente de Mar\u00eda. Ella nos inse\u00f1a que la virginidad es un don exclusivo a Jesucristo, en que la fe, la pobreza la obediencia al Se\u00f1or se hacen fecundas por la acci\u00f3n del Esp\u00edritu Santo.<\/p>\n\n\n\n<p><strong>295\u00a0<\/strong>Mar\u00eda, Madre, despierta el coraz\u00f3n filial que duerme en cada hombre. As\u00ed Mar\u00eda hace que la Iglesia se sienta familia.<\/p>\n\n\n\n<p><strong>296\u00a0<\/strong>Mar\u00eda es reconocida como modelo extraordinario de la Iglesia en el orden de la fe. Ella es la creyente en quien respandece la fe como don, apertura, respuesta y fidelidad. Por su fe es la Virgen fiel, en quien se cumple la bienaventuranza mayor\u00a0:\u00a0<em>feliz la que ha cre\u00eddo<\/em>\u00a0(Lc 1,45).<\/p>\n\n\n\n<p><strong>297\u00a0<\/strong>El Magn\u00edficat es espejo del alma de Mar\u00eda.<\/p>\n\n\n\n<p><strong>298\u00a0<\/strong>La Inmaculada Concepci\u00f3n nos ofrece en Mar\u00edael rostro del hombre nuevo redimido por Cristo, en el cual Dios recrea\u00a0<em>m\u00e1s maravillosamente aun<\/em>\u00a0el proyecto del para\u00edso. En la Asunci\u00f3n se nos manifiesta el sentido y el destino del cuerpo santificado por la gracia.<\/p>\n\n\n\n<p><strong>299\u00a0<\/strong>Mar\u00eda es mujer. Es\u00a0<em>la bendita entre todas las mujeres<\/em>. En ella Dios dignific\u00f3 a la mujer en dimensiones insospechadas. En Mar\u00eda el Evangelio penetr\u00f3 la feminidad, la redimi\u00f3 y exalt\u00f3.<\/p>\n\n\n\n<p><strong>300\u00a0<\/strong>La Virgen Mar\u00eda se hizo la serva del Se\u00f1or. Todo su servicio a los hombres es abrirlos al Evangelio e invitarlos a su obediencia\u00a0:\u00a0<em>haced lo que El os diga<\/em>\u00a0(Jn 2,5).<\/p>\n\n\n\n<p><strong>301\u00a0<\/strong>Por medio de Mar\u00eda Dios se hizo carne\u00a0; entr\u00f3 a formar parte de un pueblo\u00a0; constituy\u00f3 el centro de la historia. Ella es el punto de enlace del cielo con la tierra. Sin Mar\u00eda, el Evangelio se descarna, se desfigura y se transforma en ideolog\u00eda, en racionalismo espiritualista.<\/p>\n\n\n\n<p><strong>302\u00a0<\/strong>Pablo VI\u00a0:\u00a0<em>&#8230;ella es una mujer fuerte que conoci\u00f3 la pobreza y el sufrimiento, la huida y el exilio (Cf. Mt 2,13-23)\u00a0; situaciones estas que no pueden escapar a la atenci\u00f3n de quien quiere secundar con esp\u00edritu evang\u00e9lico las energ\u00edas liberadoras del hombre y de la sociedad. Se presentar\u00e1 Mar\u00eda comomujer que con su acci\u00f3n favoreci\u00f3 la fe de la comunidad apost\u00f3lica en Cristo (Cf Jn 2,1-12) y cuya funci\u00f3n maternal se dilat\u00f3, asumiendo sobre el calvario dimensiones universales (M.C. 37).<\/em><\/p>\n\n\n\n<p><strong>303\u00a0<\/strong>Esta es la hora de Mar\u00eda, tiempo de un nuevo Pentecost\u00e9s que ella preside con su oraci\u00f3n, cuando bajo el influjo del Esp\u00edritu Santo, inicia la Iglesia un nuevo tramo en su peregrinar. Que Mar\u00eda sea en este camino\u00a0<em>estrella de la Evangelizaci\u00f3n siempre renovada<\/em>\u00a0(EN81).<\/p>\n\n\n\n<p><strong>Santo Domingo<\/strong><\/p>\n\n\n\n<p><strong>7\u00a0<\/strong>Conforme a la promesa de Jes\u00fas, el Esp\u00edritu Santo fue derramado sobre los ap\u00f3stoles reunidos con Mar\u00eda en el cen\u00e1culo (Cf. Hch 1,12-14\u00a0;2,1). Con la donaci\u00f3n del Esp\u00edritu Santo en Pentecost\u00e9s, la Iglesia fue enviada a anunciar el Evangelio.<\/p>\n\n\n\n<p><strong>8\u00a0<\/strong>Si, confesamos que Jesucristo es verdadero Dios y verdadero hombre. El es el Hijo \u00fanico del Padre, hecho hombre en el seno de la Virgen Mar\u00eda, por obra del Esp\u00edritu Santo, que vino al mundo para librarnos de toda esclavitud de pecado, a darnos la gracia de la apoci\u00f3n filial, y a reconciliarnos con Dios y con los hombres.<\/p>\n\n\n\n<p><strong>15\u00a0<\/strong>Confirmando la fe de nuestro pueblo, queremos proclamar que la Virgen Mar\u00eda, madre de Cristo y de la Iglesia, es la primera redimida y la primera creyente. Mar\u00eda, mujer de fe, ha sido plenamente evangelizada, es la m\u00e1s perfecta disc\u00edpula y evangelizadora. Es el modelo de todos los disc\u00edpulos y evangelizadores, por su testimonio de oraci\u00f3n, de escucha de la palabra de Dios y de pronta y fiel disponibilidad al servicio del reino hasta la cruz. Su figura maternal fue descisiva para que los hombres y mujeres de Am\u00e9rica Latina se reconocieran en su dignidad de hijos de Dios. Mar\u00eda es el sello distintivo de la cultura de nuestro continente. Madre y educadora del naciente pueblo latinoamericano, en Santa Mar\u00eda de Guadalupe, a trav\u00e9s del Beato Juan Diego, se ofrece un gran ejemplo de evangelizaci\u00f3n perfectamente inculturado. Nos ha precesido en la peregrinaci\u00f3n de la fe y en el camino de la gloria, y acompa\u00f1a a nuestros publos que la invocan con amor hasta que nos encontremos definitivamente con su Hijo. Por eso la invocamos como estrella de la primera y de la nueva Evangelizaci\u00f3n.<\/p>\n\n\n\n<p><strong>80\u00a0<\/strong>Fundamentar la pastoral vocacional en la oraci\u00f3n, en la frecuencia de los sacramentos de la Eucarist\u00eda y la Penitencia, la catequesis de la confirmaci\u00f3n, devoci\u00f3n mariana, el acompa\u00f1amiento con la direcci\u00f3n espiritual y un compromiso misionero concreto.<\/p>\n\n\n\n<p><strong>85\u00a0<\/strong>La Virgen Mar\u00eda que pertenece tan profundamente a la identidad cristiana de nuestros pueblos latinoamericanos (cf. DP 283) es modelo de vida para los consagrados y apoyo seguro de su fidelidad.<\/p>\n\n\n\n<p><strong>104\u00a0<\/strong>Jes\u00fas acogi\u00f3 a las mujeres, les devolvi\u00f3 su dignidad y los confi\u00f3 despu\u00e9s de su resurrecci\u00f3n la misi\u00f3n de anunciarlos (cf. MD16). Cristo nacido de mujer (Ga 4,4) nos da a Mar\u00eda, que precede a la Iglesia mostrando en forma eminente y singular el modelo de Virgen y de Madre (LG63).<\/p>\n\n\n\n<p><strong>135\u00a0<\/strong>Profundizar las relaciones de convergencia y di\u00e1logo con aquellas Iglesia que rezan con nosotros el Credo Niceno-Constantinopolitano, comparten los mismos sacramentos y la veneraci\u00f3n por Santa Mar\u00eda, la Madre de Dios.<\/p>\n\n\n\n<p><strong>142\u00a0<\/strong>Desarrollar una catequesis que instruya debidamente al pueblo, explicando el misterio de la iglesia, sacramento de salvaci\u00f3n y comuni\u00f3n, la mediaci\u00f3n de la Virgen mar\u00eda y de los antos y la misi\u00f3n de la jerarqu\u00eda.<\/p>\n\n\n\n<p><strong>143\u00a0<\/strong>Afianzar la identidad de la Iglesia cultivando aspectos que le son caracter\u00edsticos como\u00a0: la devoci\u00f3n a la Sant\u00edsima Virgen, Madre de Cristo y Madre de la Iglesia.<\/p>\n\n\n\n<p><strong>163\u00a0<\/strong>Mar\u00eda, la mujer sol\u00edcita ante la necesidad surgida en las bodas de Can\u00e1, es modelo y figura de la Iglesia frente a toda forma de necesidad humana (cf. Jn 2,3ss). A la Iglesia, como a Mar\u00eda, Jes\u00fas le encomienda preocuparse por el cuidado maternal de la humanidad sobre todo de los que sufren.<\/p>\n\n\n\n<p><strong>213\u00a0<\/strong>Jesucristo es la Nueva Alianza, en El el matrimonio adquiere su verdadera dimensi\u00f3n. Por su Encarnaci\u00f3n y por su vida en familia por Mar\u00eda y Jos\u00e9 en el hogar de Nazaret se constituye un modelo de toda familia.<\/p>\n\n\n\n<p><strong>229\u00a0<\/strong>La Virgen Mar\u00eda acompa\u00f1a a los ap\u00f3stoles cuando el Esp\u00edritu de Jes\u00fas resucitado penetra y transforma los pueblos de las diversas culturas. Mar\u00eda que es modelo de la Iglesia, tambi\u00e9n es modelo de la evangelizaci\u00f3n de la cultura. Es la mujer jud\u00eda que representa al pueblo de la Antigua Alianza con toda su realidad cultural. Pero se abre a la novedad del Evangelio y est\u00e1 presente en nuestras tierras como Madre com\u00fan de tanto de los abor\u00edgenes como de los que han llegado.\u00a0<br\/><\/p>\n\n\n\n<p style=\"text-align:right\">Miguel A Ponce<\/p>\n","protected":false},"excerpt":{"rendered":"<p>Puebla 282\u00a0En nuestros pueblos, el Evangelio ha sido anunciado, presentando a la Virgen Mar\u00eda como su realizaci\u00f3n m\u00e1s alta.. Desde los or\u00edgenes en su aparici\u00f3n y advocaci\u00f3n de Guadalupe\u00a0; Mar\u00eda constituy\u00f3 el gran signo, de rostro maternal y misericordioso, de la cercan\u00eda del Padre y de Cristo con quienes ella nos ivita a entrar en &hellip; <\/p>\n<p class=\"link-more\"><a href=\"https:\/\/www.viajeros.net\/vwp\/maria-en-los-documentos-de-puebla-y-santo-domingo\/\" class=\"more-link\">Continue reading<span class=\"screen-reader-text\"> &#8220;Mar\u00eda en los documentos de Puebla y Santo Domingo&#8221;<\/span><\/a><\/p>\n","protected":false},"author":1,"featured_media":0,"parent":0,"menu_order":0,"comment_status":"closed","ping_status":"closed","template":"","meta":{"footnotes":""},"class_list":["post-188","page","type-page","status-publish","hentry"],"_links":{"self":[{"href":"https:\/\/www.viajeros.net\/vwp\/wp-json\/wp\/v2\/pages\/188","targetHints":{"allow":["GET"]}}],"collection":[{"href":"https:\/\/www.viajeros.net\/vwp\/wp-json\/wp\/v2\/pages"}],"about":[{"href":"https:\/\/www.viajeros.net\/vwp\/wp-json\/wp\/v2\/types\/page"}],"author":[{"embeddable":true,"href":"https:\/\/www.viajeros.net\/vwp\/wp-json\/wp\/v2\/users\/1"}],"replies":[{"embeddable":true,"href":"https:\/\/www.viajeros.net\/vwp\/wp-json\/wp\/v2\/comments?post=188"}],"version-history":[{"count":1,"href":"https:\/\/www.viajeros.net\/vwp\/wp-json\/wp\/v2\/pages\/188\/revisions"}],"predecessor-version":[{"id":189,"href":"https:\/\/www.viajeros.net\/vwp\/wp-json\/wp\/v2\/pages\/188\/revisions\/189"}],"wp:attachment":[{"href":"https:\/\/www.viajeros.net\/vwp\/wp-json\/wp\/v2\/media?parent=188"}],"curies":[{"name":"wp","href":"https:\/\/api.w.org\/{rel}","templated":true}]}}