{"id":2,"date":"2018-09-04T16:59:10","date_gmt":"2018-09-04T16:59:10","guid":{"rendered":"https:\/\/www.viajeros.net\/vwp\/?page_id=2"},"modified":"2018-09-04T19:46:07","modified_gmt":"2018-09-04T19:46:07","slug":"bienvenidos","status":"publish","type":"page","link":"https:\/\/www.viajeros.net\/vwp\/bienvenidos\/","title":{"rendered":"Bienvenidos"},"content":{"rendered":"<div align=\"right\">\n<p align=\"justify\"><span style=\"font-family: Georgia, Times New Roman, Times, serif; font-size: large;\">Nosotros, en nuestro continuo caminar nos descubrimos como temporales, pasajeros de un mundo de constante movimiento e innovaci\u00f3n, donde descubres cosas positivas y negativas y que al fin y al cabo, llenan tu equipaje de recuerdos que son pilar en tu desenvolverte cotidiano.<\/span><\/p>\n<\/div>\n<p align=\"justify\"><span style=\"font-family: Georgia, Times New Roman, Times, serif; font-size: large;\">Al ser temporales y pasajeros, manifestamos un principio y fin, por lo que al final, vemos que viajamos, adquiriendo conocimientos, sue\u00f1os, ideales, triunfos, etc., pero de igual manera tambi\u00e9n recogemos momentos intensos, dificultades y retos que nos obligan a ser cada d\u00eda mejores y a superarnos cada instante en vista de ser mejores personas y mejores seres humanos.<\/span><\/p>\n<p align=\"justify\"><span style=\"font-family: Georgia, Times New Roman, Times, serif; font-size: large;\">Es por eso que &#8220;Viajeros.net&#8221; quiere englobar esto y tantas cosas m\u00e1s que solo tu podr\u00e1s complementar con tu propia experiencia al sentirte viajero de este mundo, en el cual siempre podr\u00e1s aportar algo que har\u00e1 la diferencia para todos<\/span><\/p>\n<p align=\"justify\"><span style=\"font-family: Georgia, Times New Roman, Times, serif; font-size: large;\">Es por eso que nuestro logo, un viajero, un caminante, es la manifestaci\u00f3n del entusiasmo que siempre hay que poner en cada una de nuestras acciones, de hacer camino, sin importar lo que venga por delante, solo con un morral, un cayado, y toda un mar de ilusiones y sue\u00f1os por delante para dar siempre lo mejor que se ha aprendido durante el caminar.<\/span><\/p>\n<p align=\"justify\"><span style=\"font-family: Georgia, Times New Roman, Times, serif; font-size: large;\">Solo resta invitarte a seguir navegando en nuestro sitio y esperar tus comentarios para hacer de este viaje una nueva experiencia con todo lo que nos puedas compartir.<\/span><\/p>\n","protected":false},"excerpt":{"rendered":"<p>Nosotros, en nuestro continuo caminar nos descubrimos como temporales, pasajeros de un mundo de constante movimiento e innovaci\u00f3n, donde descubres cosas positivas y negativas y que al fin y al cabo, llenan tu equipaje de recuerdos que son pilar en tu desenvolverte cotidiano. Al ser temporales y pasajeros, manifestamos un principio y fin, por lo &hellip; <\/p>\n<p class=\"link-more\"><a href=\"https:\/\/www.viajeros.net\/vwp\/bienvenidos\/\" class=\"more-link\">Continue reading<span class=\"screen-reader-text\"> &#8220;Bienvenidos&#8221;<\/span><\/a><\/p>\n","protected":false},"author":1,"featured_media":0,"parent":0,"menu_order":0,"comment_status":"closed","ping_status":"open","template":"","meta":{"footnotes":""},"class_list":["post-2","page","type-page","status-publish","hentry"],"_links":{"self":[{"href":"https:\/\/www.viajeros.net\/vwp\/wp-json\/wp\/v2\/pages\/2","targetHints":{"allow":["GET"]}}],"collection":[{"href":"https:\/\/www.viajeros.net\/vwp\/wp-json\/wp\/v2\/pages"}],"about":[{"href":"https:\/\/www.viajeros.net\/vwp\/wp-json\/wp\/v2\/types\/page"}],"author":[{"embeddable":true,"href":"https:\/\/www.viajeros.net\/vwp\/wp-json\/wp\/v2\/users\/1"}],"replies":[{"embeddable":true,"href":"https:\/\/www.viajeros.net\/vwp\/wp-json\/wp\/v2\/comments?post=2"}],"version-history":[{"count":2,"href":"https:\/\/www.viajeros.net\/vwp\/wp-json\/wp\/v2\/pages\/2\/revisions"}],"predecessor-version":[{"id":39,"href":"https:\/\/www.viajeros.net\/vwp\/wp-json\/wp\/v2\/pages\/2\/revisions\/39"}],"wp:attachment":[{"href":"https:\/\/www.viajeros.net\/vwp\/wp-json\/wp\/v2\/media?parent=2"}],"curies":[{"name":"wp","href":"https:\/\/api.w.org\/{rel}","templated":true}]}}