{"id":215,"date":"2018-09-10T21:02:02","date_gmt":"2018-09-10T21:02:02","guid":{"rendered":"https:\/\/www.viajeros.net\/vwp\/?page_id=215"},"modified":"2018-09-10T21:02:02","modified_gmt":"2018-09-10T21:02:02","slug":"el-espiritu-santo-lg-4","status":"publish","type":"page","link":"https:\/\/www.viajeros.net\/vwp\/el-espiritu-santo-lg-4\/","title":{"rendered":"El Esp\u00edritu Santo (LG 4)"},"content":{"rendered":"\n<p><strong>Algunas razones de orden teol\u00f3gico por las que se pruebe la necesidad de poner este n\u00famero en este cap\u00edtulo y en este momento de la LG<\/strong><\/p>\n\n\n\n<blockquote class=\"wp-block-quote is-layout-flow wp-block-quote-is-layout-flow\"><p>Exhibe este n\u00famero la acci\u00f3n santificadora del Esp\u00edritu Santo en la Iglesia.<\/p><p>Todo el movimiento eclesial parte del Padre y retorna a El por el Hijo al soplo del Esp\u00edritu (M. Philipon).<\/p><p>Pentecost\u00e9s\u00a0: momento concreto de la manifestaci\u00f3n de la donaci\u00f3n del Esp\u00edritu Santo a la Iglesia.<\/p><p>Pentecost\u00e9s\u00a0: cumplimiento de profec\u00edas\u00a0: Is 32,15\u00a0; Jr 31,33\u00a0; 32,34\u00a0; Ez 36,25-28<\/p><p>Enunciaci\u00f3n de los textos que manifiestan algo de la acci\u00f3n del Esp\u00edritu Santo en la Iglesia\u00a0: Rm 8,10-11\u00a0; 1Co 3,16\u00a0; 6,19\u00a0; Gal 4,6\u00a0; Jn 16,13\u00a0; etc.<\/p><p>La Iglesia en uni\u00f3n y bajo la acci\u00f3n del Esp\u00edritu Santo anhelan la plenitud del Reino\u00a0: Ap 22,17.<\/p><p>La Iglesia nace por el Esp\u00edritu y por el Esp\u00edritu vive y por el Esp\u00edritu alcanza su total perfecci\u00f3n.<\/p><\/blockquote>\n\n\n\n<p><strong>Actividades principales que el n\u00famero cuatro de la LG presenta sobre la acci\u00f3n del Esp\u00edritu Santo en la Iglesia<\/strong><\/p>\n\n\n\n<p><em>Consumada la obra que el Padre encomend\u00f3 realizar al Hijo sobre la tierra (Cf. Jn 17,4), fue enviado el Esp\u00edritu Santo el D\u00eda de Pentecost\u00e9s a fin de santificar indefinidamente (iugiter) y para que de este modo los fieles tengan acceso al Padre por medio de Cristo en un mismo esp\u00edritu (Cf. Ef 2,18). El es el Esp\u00edritu de vida o la fuente de agua que salta hasta la vida eterna (Jn 4,14\u00a0; 7,38-39), por quien el Padre vivifica a los hombres, muertos por el pecado, hasta que resucite sus cuerpos mortales en Cristo (Rm 8,10-11). El Esp\u00edritu Santo habita en la Iglesia y en el coraz\u00f3n de los fieles como en un templo (1Co 3,16\u00a0; 6,19), y en ellos ora y da testimonio de su adopci\u00f3n como hijos (Gal 4,6\u00a0; Rm 8,15-16.26). Gu\u00eda a la iglesia a toda la verdad (Jn 16,13), la unifica en comuni\u00f3n y ministerio, la provee y gobierna con diversos dones jer\u00e1rquicos y carism\u00e1ticos y la embellece con sus frutos (Ef 4,11-12\u00a0; 1Co 12,4\u00a0; Ga 5,22). Con la fuerza del Evangelio rejuvenece la Iglesia, la renueva incesantemente y la conduce a la uni\u00f3n consumada con su Esposo. En efecto, el Esp\u00edritu y la Esposa dicen al Se\u00f1or Jes\u00fas\u00a0: \u00a1Ven\u00a0! (Cf. Ap 22,17).<\/em><\/p>\n\n\n\n<blockquote class=\"wp-block-quote is-layout-flow wp-block-quote-is-layout-flow\"><p>El Esp\u00edritu es vida y da la vida eterna.<\/p><p>El Padre vivifica a los hombres por este Esp\u00edritu.<\/p><p>El Esp\u00edritu Santo resucitar\u00e1 al hombe (al igual que en Cristo).<\/p><p>El Esp\u00edritu Santo habita en la Iglesia (al igual que en Cristo).<\/p><p>El Esp\u00edritu Santo habita en el cristiano (al igual que en Cristo).<\/p><p>El Esp\u00edritu Santo ora en el cristiarno.<\/p><p>El Esp\u00edritu da testimonio a trav\u00e9s del cristiano en cuanto hijo de Dios.<\/p><p>El Esp\u00edritu Santo gu\u00eda a la Iglesia.<\/p><p>El Esp\u00edritu unifica en comuni\u00f3n y ministerio a la Iglesia.<\/p><p>El Esp\u00edritu provee y gobierna con diversos dones jer\u00e1rquicos y carism\u00e1ticos a la Iglesia.<\/p><\/blockquote>\n\n\n\n<p><strong>Escribir el cuadro de las relacioines entre Cristo, su existencia, s misi\u00f3n, su obra y la aci\u00f3n del Esp\u00edritu Santo. Se\u00f1alar los pasajes b\u00edblicos. Y aqu\u00ed se\u00f1alar las relaciones del Esp\u00edritu Santo y sel ser y el actuar de la Iglesia.<\/strong><\/p>\n\n\n\n<table class=\"wp-block-table\"><tbody><tr><td><strong>La Acci\u00f3n del Esp\u00edritu Santo<\/strong><\/td><\/tr><tr><td>En Cristo<\/td><td>En el cristiano<\/td><\/tr><tr><td>Nacimiento<\/td><td>Lc 1,35Mt 1,20<\/td><td>Jn 3,5s.Hch 2,1s.13.<\/td><\/tr><tr><td>Enviado<\/td><td>Lc 4,14.(Is 61,1s.<\/td><td>Hch 8,26-29 (Felipe).Hch 10,20 (Pedro).Hch 13,2.4(Pablo y Bernab\u00e9)<\/td><\/tr><tr><td>Asistencia<\/td><td>Mt 4,1.Lc 3,21-22.Jn 1,32-34<\/td><td>Hch 16,6-7.Rm 5,5.Ga 4,6.<\/td><\/tr><tr><td>Realizaci\u00f3n de prodigios<\/td><td>Mt 12,28.<\/td><td>Hch 2,4.5.11\u00a0; 3,7\u00a0; 5,12.15.Hch 4,13.31<\/td><\/tr><tr><td>Buena Nueva<\/td><td>Lc 4,18.<\/td><td>Hch 4,29-31\u00a0; 5,42\u00a0; 6,7.Hch 9,20\u00a0; 18,5\u00a0; 19,10.20.<\/td><\/tr><tr><td>Acceso al Padre<\/td><td>Lc 10,21Lleno de alegr\u00eda<\/td><td>Ga 4,6.Rm 5,5.<\/td><\/tr><tr><td>El Esp\u00edritu le pertenece como propiedad singular<\/td><td>Jn 16,14s.<\/td><td>Rm 8,9.23. (Primicias)<\/td><\/tr><tr><td>Asistencia peculiar<\/td><td>Jn 3,34<\/td><td>Jn 14,16.Hch 15,28.Rm 8,26.27 (Debilidad)<\/td><\/tr><tr><td>Posesi\u00f3n y comunicaci\u00f3n<\/td><td>Jn 19,30.Jn 20,21-23<\/td><td>Ga 5,22-24 y 25<\/td><\/tr><tr><td>Par\u00e1clito<\/td><td>Lc 10,21<\/td><td>Jn 14,16\u00a0; 16,7.Hch 13,52\u00a0; 5,32.41.<\/td><\/tr><tr><td>Anonadamiento (K\u00e9nosis)<\/td><td>Hb 9,14<\/td><td>Hch 1,7-8.Mc 13,11.Mt 10,17-22.1Pe 4,13-14<strong>.<\/strong><\/td><\/tr><tr><td>Glorificaci\u00f3n (An\u00e1basis)<\/td><td>Rm 8,11<\/td><td>Rm 8,11\u00a0; (6,4)\u00a0; 8,28-30.2Co 3,17-18.<\/td><\/tr><\/tbody><\/table>\n\n\n\n<p><strong>Necesidad y excelencia de la acci\u00f3n de los Dones del Esp\u00edritu Santo en el desarrollo de la vida cristiana.<\/strong><\/p>\n\n\n\n<p>Los dones se presentan como necesidad\u00a0:<\/p>\n\n\n\n<blockquote class=\"wp-block-quote is-layout-flow wp-block-quote-is-layout-flow\"><p>Son permanentes en raz\u00f3n de su Donador presente en el alma.<\/p><p>Disposiciones habituales para recibir las mociones del Esp\u00edritu.<\/p><p>Instintos sobrenaturales.<\/p><p>Auxilio eficaz en el perfeccionamiento de la virtud.<\/p><p>Enraizados en la divina caridad.<\/p><p>Necesarios en el desarrollo de la vida espiritual.<\/p><p>Producen gozo espiritual, satisfacci\u00f3n.<\/p><\/blockquote>\n\n\n\n<p><strong>\u00bfQu\u00e9 explicitaciones y adelantos presenta la enc\u00edclica Dominum et Vivificantem a la ense\u00f1anza que la LG ofrece\u00a0?<\/strong><\/p>\n\n\n\n<blockquote class=\"wp-block-quote is-layout-flow wp-block-quote-is-layout-flow\"><p>La vida del cristiano se proyecta en una doble actuaci\u00f3n\u00a0:<\/p><p>Sus relaciones con los hombres (plano horizontal).<\/p><p>Sus relaciones con Dios (plano vertical).<\/p><p>Testimonio de Pentecost\u00e9s.<\/p><p>El Esp\u00edritu que transforma el sufrimiento en amor salv\u00edfico.<\/p><p>La Sangre que purifica la conciencia.<\/p><p>El pecado contra el Esp\u00edritu Santo.<\/p><p>El Esp\u00edritu que da la vida.<\/p><p>Cristo concebido por obra y gracia del Esp\u00edritu Santo.<\/p><p>Se ha manifestado la gracia.<\/p><p>Drama interno del hombre.<\/p><p>El Esp\u00edritu fortalece al hombre interior.<\/p><p>La Iglesia, sacramento de la uni\u00f3n \u00edntima con Dios.<\/p><\/blockquote>\n\n\n\n<p style=\"text-align:right\">Miguel A Ponce<\/p>\n","protected":false},"excerpt":{"rendered":"<p>Algunas razones de orden teol\u00f3gico por las que se pruebe la necesidad de poner este n\u00famero en este cap\u00edtulo y en este momento de la LG Exhibe este n\u00famero la acci\u00f3n santificadora del Esp\u00edritu Santo en la Iglesia. Todo el movimiento eclesial parte del Padre y retorna a El por el Hijo al soplo del &hellip; <\/p>\n<p class=\"link-more\"><a href=\"https:\/\/www.viajeros.net\/vwp\/el-espiritu-santo-lg-4\/\" class=\"more-link\">Continue reading<span class=\"screen-reader-text\"> &#8220;El Esp\u00edritu Santo (LG 4)&#8221;<\/span><\/a><\/p>\n","protected":false},"author":1,"featured_media":0,"parent":0,"menu_order":0,"comment_status":"closed","ping_status":"closed","template":"","meta":{"footnotes":""},"class_list":["post-215","page","type-page","status-publish","hentry"],"_links":{"self":[{"href":"https:\/\/www.viajeros.net\/vwp\/wp-json\/wp\/v2\/pages\/215","targetHints":{"allow":["GET"]}}],"collection":[{"href":"https:\/\/www.viajeros.net\/vwp\/wp-json\/wp\/v2\/pages"}],"about":[{"href":"https:\/\/www.viajeros.net\/vwp\/wp-json\/wp\/v2\/types\/page"}],"author":[{"embeddable":true,"href":"https:\/\/www.viajeros.net\/vwp\/wp-json\/wp\/v2\/users\/1"}],"replies":[{"embeddable":true,"href":"https:\/\/www.viajeros.net\/vwp\/wp-json\/wp\/v2\/comments?post=215"}],"version-history":[{"count":1,"href":"https:\/\/www.viajeros.net\/vwp\/wp-json\/wp\/v2\/pages\/215\/revisions"}],"predecessor-version":[{"id":216,"href":"https:\/\/www.viajeros.net\/vwp\/wp-json\/wp\/v2\/pages\/215\/revisions\/216"}],"wp:attachment":[{"href":"https:\/\/www.viajeros.net\/vwp\/wp-json\/wp\/v2\/media?parent=215"}],"curies":[{"name":"wp","href":"https:\/\/api.w.org\/{rel}","templated":true}]}}