{"id":223,"date":"2018-09-10T21:06:16","date_gmt":"2018-09-10T21:06:16","guid":{"rendered":"https:\/\/www.viajeros.net\/vwp\/?page_id=223"},"modified":"2018-09-10T21:06:16","modified_gmt":"2018-09-10T21:06:16","slug":"la-iglesia-comunidad-a-la-vez-visible-y-espiritual-lg-8","status":"publish","type":"page","link":"https:\/\/www.viajeros.net\/vwp\/la-iglesia-comunidad-a-la-vez-visible-y-espiritual-lg-8\/","title":{"rendered":"La Iglesia, comunidad a la vez visible y espiritual (LG 8)"},"content":{"rendered":"\n<p><strong>Cristo y su mediaci\u00f3n por la Iglesia.<\/strong><\/p>\n\n\n\n<p>Cristo es el \u00fanico mediador que instituye (Mt 16,16), mantiene en la tierra a la Iglesia santa\u00a0(Jn 14,16); comunidad de fe, esperanza y caridad\u00a0; como un todo visible\u00a0; comunicando, mediante ella la verdad y la gracia a todos (la iglesia aparece en su papel mediador).<\/p>\n\n\n\n<p><strong>Estructura de la Iglesia<\/strong><\/p>\n\n\n\n<blockquote class=\"wp-block-quote is-layout-flow wp-block-quote-is-layout-flow\"><p>Sociedad prevista de \u00f3rganos jer\u00e1rquicos y el Cuerpo m\u00edstico de Cristo\u00a0;<\/p><p>Asamblea visible, enriqueceda con bienes celestiales\u00a0;<\/p><p>Comunidad espiritual, enriquecida con bienes celestiales\u00a0;<\/p><p>Una sola unidad, compleja, integrada por\u00a0:<\/p><p>elemento divino<\/p><p>elemento humano<\/p><p>Analog\u00eda con el Verbo Encarnado\u00a0:<\/p><p>naturaleza asumida (humana) sirve al Verbo Divino como de instrumento vivo de salvaci\u00f3n, unido indisolubemente a El.<\/p><p>De modo semejante, la articulaci\u00f3n social de la Iglesia sirve al Esp\u00edritu Santo, que la vivifica, para acrecentamiento de su cuerpo (Ef 4,16\u00a0; Le\u00f3n XII\u00a0: Satis Cognitum[AAS 28. P. 713]).<\/p><\/blockquote>\n\n\n\n<p><strong>Profesi\u00f3n de fe<\/strong><\/p>\n\n\n\n<blockquote class=\"wp-block-quote is-layout-flow wp-block-quote-is-layout-flow\"><p>Esta es la Iglesia que fund\u00f3 Cristo\u00a0: siendo Una (n. 4), Santa (n. 7), C\u00e1tolica, Apost\u00f3lica (Dz 6-9).<\/p><p>Nuestro Salvador, despu\u00e9s de su resurrecci\u00f3n encomend\u00f3 a Pedro para que apacentara (Jn 21,17), confi\u00e1ndole a \u00e9l y a los dem\u00e1s ap\u00f3stoles su difusi\u00f3n y gobierno (Mt 21,18ss) y la erigi\u00f3 perpetuamente como columna y fundamento de la verdad (Cf. 1Tm 3,15).<\/p><\/blockquote>\n\n\n\n<p><strong>Organizaci\u00f3n, sociedad<\/strong><\/p>\n\n\n\n<blockquote class=\"wp-block-quote is-layout-flow wp-block-quote-is-layout-flow\"><p>Esta Iglesia, establecida y organizada en este mundo como sociedad\u00a0;<\/p><p>Subsiste en la iglesia cat\u00f3lica, gobernada por el sucesor de Pedro y los obispos en comuni\u00f3n con \u00e9l (Profesi\u00f3n de fe Trident.\u00a0<em>Dei Filius<\/em>. Dz 1782).<\/p><\/blockquote>\n\n\n\n<p><strong>Prolongaci\u00f3n del misterio de Cristo<\/strong><\/p>\n\n\n\n<blockquote class=\"wp-block-quote is-layout-flow wp-block-quote-is-layout-flow\"><p>Cristo realiz\u00f3 la obra de la redenci\u00f3n en la pobreza y persecuci\u00f3n (Fil 2,6.8), de igual modo la Iglesia est\u00e1 destinada a recorrer el mismo camino a fin de comunicar los frutos de la salvaci\u00f3n de los hombres.<\/p><p>Cristo Jes\u00fas existiendo en la forma de Dios, se anonad\u00f3 a s\u00ed mismo, tomando la forma de siervo, y por nosotros se hizo pobre, siendo rico (2Co 8,9)\u00a0; as\u00ed tambi\u00e9n la Iglesia, aunque necesite de medios humanos para cumplir su misi\u00f3n, no fue institu\u00edda para buscar la gloria terrena, sino para proclamar la humildad y la abnegaci\u00f3n tambi\u00e9n con su propio ejemplo.<\/p><p>Cristo fue enviado por el Padre a evangelizar a los pobres y levantar a los oprimidos (Lc 4,18) para buscar y salvar lo que estaba perdido (Lc 19,10)\u00a0; as\u00ed tambi\u00e9n la Iglesia abraza con su amor a todos los afligidos por la debilidad humana, m\u00e1s a\u00fan reconoce en los pobres, en los que sufren, la imagen de su fundador, pobre y paciente, se esfuerza en remediar sus necesidades y procura servir en ellos a Cristo.<\/p><\/blockquote>\n\n\n\n<p><strong>El misterio de la Iglesia<\/strong><\/p>\n\n\n\n<blockquote class=\"wp-block-quote is-layout-flow wp-block-quote-is-layout-flow\"><p>Pues mientras Cristo, santo, inocente, inmaculado (Hb 7,26) no conoci\u00f3 el pecado (cf. 2Co 5,21), sino que vino \u00fanicamente a expiar los pecados del pueblo (Hb 2,17).<\/p><p>La Iglesia encierra en su propio seno a pecadores, y siendo al mismo tiempo santa y necesitada de purificaci\u00f3n, avanza continuamente por la senda de la penitencia y de la salvaci\u00f3n.<\/p><\/blockquote>\n\n\n\n<p><strong>Iglesia peregrinante<\/strong><\/p>\n\n\n\n<blockquote class=\"wp-block-quote is-layout-flow wp-block-quote-is-layout-flow\"><p>busca de su propia perfecci\u00f3n\u00a0: la Iglesia va peregrinando entre las persecuciones del mundo y los consuelos de Dios (San Agust\u00edn\u00a0:<em>\u00a0De civit. Dei. XVIII<\/em>, 52,2\u00a0; PL 41,614).<\/p><p>Anunciando la cruz del Se\u00f1or hasta que venga (cf. 1Co 11,26).<\/p><p>Est\u00e1 fortalecida, con la virtud del Se\u00f1or resucitado, para triunfar con paciencia y caridad de sus aflicciones y dificultades, tanto internas como externas.<\/p><p>Revela al mundo fielmente su misterio, aunque sea entre penumbras.<\/p><p>Hasta que se manifieste en todo el esplendor al final de los tiempos (Ap 22,17).<\/p><\/blockquote>\n\n\n\n<p style=\"text-align:right\">Miguel A Ponce<\/p>\n","protected":false},"excerpt":{"rendered":"<p>Cristo y su mediaci\u00f3n por la Iglesia. Cristo es el \u00fanico mediador que instituye (Mt 16,16), mantiene en la tierra a la Iglesia santa\u00a0(Jn 14,16); comunidad de fe, esperanza y caridad\u00a0; como un todo visible\u00a0; comunicando, mediante ella la verdad y la gracia a todos (la iglesia aparece en su papel mediador). Estructura de la &hellip; <\/p>\n<p class=\"link-more\"><a href=\"https:\/\/www.viajeros.net\/vwp\/la-iglesia-comunidad-a-la-vez-visible-y-espiritual-lg-8\/\" class=\"more-link\">Continue reading<span class=\"screen-reader-text\"> &#8220;La Iglesia, comunidad a la vez visible y espiritual (LG 8)&#8221;<\/span><\/a><\/p>\n","protected":false},"author":1,"featured_media":0,"parent":0,"menu_order":0,"comment_status":"closed","ping_status":"closed","template":"","meta":{"footnotes":""},"class_list":["post-223","page","type-page","status-publish","hentry"],"_links":{"self":[{"href":"https:\/\/www.viajeros.net\/vwp\/wp-json\/wp\/v2\/pages\/223","targetHints":{"allow":["GET"]}}],"collection":[{"href":"https:\/\/www.viajeros.net\/vwp\/wp-json\/wp\/v2\/pages"}],"about":[{"href":"https:\/\/www.viajeros.net\/vwp\/wp-json\/wp\/v2\/types\/page"}],"author":[{"embeddable":true,"href":"https:\/\/www.viajeros.net\/vwp\/wp-json\/wp\/v2\/users\/1"}],"replies":[{"embeddable":true,"href":"https:\/\/www.viajeros.net\/vwp\/wp-json\/wp\/v2\/comments?post=223"}],"version-history":[{"count":1,"href":"https:\/\/www.viajeros.net\/vwp\/wp-json\/wp\/v2\/pages\/223\/revisions"}],"predecessor-version":[{"id":224,"href":"https:\/\/www.viajeros.net\/vwp\/wp-json\/wp\/v2\/pages\/223\/revisions\/224"}],"wp:attachment":[{"href":"https:\/\/www.viajeros.net\/vwp\/wp-json\/wp\/v2\/media?parent=223"}],"curies":[{"name":"wp","href":"https:\/\/api.w.org\/{rel}","templated":true}]}}