{"id":26,"date":"2018-09-04T15:00:48","date_gmt":"2018-09-04T15:00:48","guid":{"rendered":"https:\/\/www.viajeros.net\/vwp\/?page_id=26"},"modified":"2018-09-04T20:21:25","modified_gmt":"2018-09-04T20:21:25","slug":"20180904-2","status":"publish","type":"page","link":"https:\/\/www.viajeros.net\/vwp\/20180904-2\/","title":{"rendered":"Qui\u00e9n \u00e9res t\u00fa?"},"content":{"rendered":"\r\n<p>&nbsp;<\/p>\r\n<table class=\"wp-block-table aligncenter\">\r\n<tbody>\r\n<tr>\r\n<td><strong><br \/>\u00bfQui\u00e9n eres T\u00fa ?<br \/>que a mi vida ha transformado<br \/>que a mi mente ha tranquilizado<br \/>que a mi coraz\u00f3n ha renovado<\/strong><\/td>\r\n<\/tr>\r\n<tr>\r\n<td><strong>No lo s\u00e9.<br \/>Me dijeron que tu nombre es Jes\u00fas<br \/>Y habitante eres de Nazaret<br \/>Hijo de Mar\u00eda y Jos\u00e9<\/strong><\/td>\r\n<\/tr>\r\n<tr>\r\n<td><strong>Pero no te encuentro<br \/>Te busco, pero no se que hacer<br \/>tengo necesidad de tu mirada<br \/>necesidad de tu querer<\/strong><\/td>\r\n<\/tr>\r\n<\/tbody>\r\n<\/table>\r\n","protected":false},"excerpt":{"rendered":"<p>&nbsp; \u00bfQui\u00e9n eres T\u00fa ?que a mi vida ha transformadoque a mi mente ha tranquilizadoque a mi coraz\u00f3n ha renovado No lo s\u00e9.Me dijeron que tu nombre es Jes\u00fasY habitante eres de NazaretHijo de Mar\u00eda y Jos\u00e9 Pero no te encuentroTe busco, pero no se que hacertengo necesidad de tu miradanecesidad de tu querer<\/p>\n","protected":false},"author":1,"featured_media":0,"parent":0,"menu_order":0,"comment_status":"closed","ping_status":"closed","template":"","meta":{"footnotes":""},"class_list":["post-26","page","type-page","status-publish","hentry"],"_links":{"self":[{"href":"https:\/\/www.viajeros.net\/vwp\/wp-json\/wp\/v2\/pages\/26","targetHints":{"allow":["GET"]}}],"collection":[{"href":"https:\/\/www.viajeros.net\/vwp\/wp-json\/wp\/v2\/pages"}],"about":[{"href":"https:\/\/www.viajeros.net\/vwp\/wp-json\/wp\/v2\/types\/page"}],"author":[{"embeddable":true,"href":"https:\/\/www.viajeros.net\/vwp\/wp-json\/wp\/v2\/users\/1"}],"replies":[{"embeddable":true,"href":"https:\/\/www.viajeros.net\/vwp\/wp-json\/wp\/v2\/comments?post=26"}],"version-history":[{"count":5,"href":"https:\/\/www.viajeros.net\/vwp\/wp-json\/wp\/v2\/pages\/26\/revisions"}],"predecessor-version":[{"id":35,"href":"https:\/\/www.viajeros.net\/vwp\/wp-json\/wp\/v2\/pages\/26\/revisions\/35"}],"wp:attachment":[{"href":"https:\/\/www.viajeros.net\/vwp\/wp-json\/wp\/v2\/media?parent=26"}],"curies":[{"name":"wp","href":"https:\/\/api.w.org\/{rel}","templated":true}]}}