{"id":271,"date":"2018-10-03T15:46:15","date_gmt":"2018-10-03T15:46:15","guid":{"rendered":"https:\/\/www.viajeros.net\/vwp\/?page_id=271"},"modified":"2018-10-03T15:46:15","modified_gmt":"2018-10-03T15:46:15","slug":"universidad-anahuac-del-sur","status":"publish","type":"page","link":"https:\/\/www.viajeros.net\/vwp\/universidad-anahuac-del-sur\/","title":{"rendered":"Universidad An\u00e1huac del Sur"},"content":{"rendered":"\n<p>Historia<\/p>\n\n\n\n<p><strong>La Universidad\nAn\u00e1huac<\/strong>\u00a0se fund\u00f3 en\nel a\u00f1o de 1964 como pieza fundamental dentro del proyecto educativo de la\nCongregaci\u00f3n de los Legionarios de Cristo y con el objetivo primordial de\nelevar la condici\u00f3n humana y social de los hombres y mujeres de M\u00e9xico mediante\nuna formaci\u00f3n integral.<\/p>\n\n\n\n<p><strong>La Universidad\nAn\u00e1huac M\u00e9xico Sur<\/strong>\u00a0comenz\u00f3\nclases con las carreras de Administraci\u00f3n de Empresas, Administraci\u00f3n\nTur\u00edstica, Dise\u00f1o Gr\u00e1fico, Ingenier\u00eda Industrial y Relaciones Industriales. Un\na\u00f1o m\u00e1s tarde surgieron Actuar\u00eda, Ingenier\u00eda El\u00e9ctrica e Ingenier\u00eda Electr\u00f3nica.<\/p>\n\n\n\n<p><\/p>\n\n\n\n<hr class=\"wp-block-separator\"\/>\n\n\n\n<p>Licenciatura en Administraci\u00f3n de Empresas (1999 &#8211; 2003)<\/p>\n\n\n\n<hr class=\"wp-block-separator\"\/>\n\n\n\n<p>Maestr\u00eda en Administraci\u00f3n Internacional (2005 &#8211; 2006)<\/p>\n\n\n\n<p><\/p>\n","protected":false},"excerpt":{"rendered":"<p>Historia La Universidad An\u00e1huac\u00a0se fund\u00f3 en el a\u00f1o de 1964 como pieza fundamental dentro del proyecto educativo de la Congregaci\u00f3n de los Legionarios de Cristo y con el objetivo primordial de elevar la condici\u00f3n humana y social de los hombres y mujeres de M\u00e9xico mediante una formaci\u00f3n integral. La Universidad An\u00e1huac M\u00e9xico Sur\u00a0comenz\u00f3 clases con &hellip; <\/p>\n<p class=\"link-more\"><a href=\"https:\/\/www.viajeros.net\/vwp\/universidad-anahuac-del-sur\/\" class=\"more-link\">Continue reading<span class=\"screen-reader-text\"> &#8220;Universidad An\u00e1huac del Sur&#8221;<\/span><\/a><\/p>\n","protected":false},"author":1,"featured_media":0,"parent":0,"menu_order":0,"comment_status":"closed","ping_status":"closed","template":"","meta":{"footnotes":""},"class_list":["post-271","page","type-page","status-publish","hentry"],"_links":{"self":[{"href":"https:\/\/www.viajeros.net\/vwp\/wp-json\/wp\/v2\/pages\/271","targetHints":{"allow":["GET"]}}],"collection":[{"href":"https:\/\/www.viajeros.net\/vwp\/wp-json\/wp\/v2\/pages"}],"about":[{"href":"https:\/\/www.viajeros.net\/vwp\/wp-json\/wp\/v2\/types\/page"}],"author":[{"embeddable":true,"href":"https:\/\/www.viajeros.net\/vwp\/wp-json\/wp\/v2\/users\/1"}],"replies":[{"embeddable":true,"href":"https:\/\/www.viajeros.net\/vwp\/wp-json\/wp\/v2\/comments?post=271"}],"version-history":[{"count":1,"href":"https:\/\/www.viajeros.net\/vwp\/wp-json\/wp\/v2\/pages\/271\/revisions"}],"predecessor-version":[{"id":272,"href":"https:\/\/www.viajeros.net\/vwp\/wp-json\/wp\/v2\/pages\/271\/revisions\/272"}],"wp:attachment":[{"href":"https:\/\/www.viajeros.net\/vwp\/wp-json\/wp\/v2\/media?parent=271"}],"curies":[{"name":"wp","href":"https:\/\/api.w.org\/{rel}","templated":true}]}}