{"id":41,"date":"2018-09-04T21:19:24","date_gmt":"2018-09-04T21:19:24","guid":{"rendered":"https:\/\/www.viajeros.net\/vwp\/?page_id=41"},"modified":"2018-10-03T15:04:12","modified_gmt":"2018-10-03T15:04:12","slug":"escritos","status":"publish","type":"page","link":"https:\/\/www.viajeros.net\/vwp\/escritos\/","title":{"rendered":"Anecdotario"},"content":{"rendered":"\n<p>El presente\nanecdotario es la recopilaci\u00f3n de textos que he recibido o le\u00eddo en este\ncaminar de la vida y que han capturado mi atenci\u00f3n de una manera muy\nparticular, por lo que deseo que dicho escrito pueda ser preservado durante un\ntiempo m\u00e1s largo.<\/p>\n\n\n\n<p>Muchos de\nestos textos no tienen una autor\u00eda definida, ya que son -aunque me no me guste\naceptarlo- cadenas o correos reenviados, pero con un contenido con la fuerza e\nintensidad necesaria para darle el valor que le corresponde.<\/p>\n\n\n\n<p>De mi parte, y\ndeseando respetar al autor, les doy autor\u00eda an\u00f3nima\u2026 \u00danicamente a\u00f1ado el nombre\nde la persona que ha hecho el favor de reenvi\u00e1rmelo como reconocimiento a la atenci\u00f3n\nque tuvo para conmigo al pensar que ser\u00eda de mi inter\u00e9s, y que ciertamente lo\nfue al momento en que lo estoy colocando en esta secci\u00f3n.<\/p>\n\n\n\n<p>Es importante mencionar que la fecha mencionada entre par\u00e9ntesis en \u00fanicamente\nuna referencia al a\u00f1o estimado en que recib\u00ed dicho texto, mas no confirma el\na\u00f1o en que fue escrito o similar.<\/p>\n\n\n\n<p>Espero que t\u00fa, amable lector, si eres autor de algo de los mismos, me lo indiques y ser\u00e1 un honor para m\u00ed el darte autor\u00eda de tu texto, o bien, si tienes alg\u00fan documento interesante que te gustar\u00eda compartirme, no dudes en hac\u00e9rmelo llegar a anecdotario@viajeros.net<\/p>\n\n\n\n<p><\/p>\n\n\n\n<hr class=\"wp-block-separator\"\/>\n\n\n\n<p>INDICE<\/p>\n\n\n\n<ul class=\"wp-block-list\"><li><a href=\"https:\/\/www.viajeros.net\/vwp\/actualizacion-de-sistema\">Actualizaci\u00f3n de Sistema\u00a0<\/a><\/li><li><a href=\"https:\/\/www.viajeros.net\/vwp\/admirable-vocacion\/\">Admirable Vocaci\u00f3n<\/a><\/li><li><a href=\"https:\/\/www.viajeros.net\/vwp\/adora-y-confia\/\">Adora y Conf\u00eda<\/a><\/li><li><a href=\"https:\/\/www.viajeros.net\/vwp\/alza-el-vuelo\/\">Alza el vuelo<\/a><\/li><li><a href=\"https:\/\/www.viajeros.net\/vwp\/antes-de-amarte\/\">Antes de amarte<\/a><\/li><li><a href=\"https:\/\/www.viajeros.net\/vwp\/apostolado-de-la-sonrisa\/\">Apostolado de la sonrisa<\/a><\/li><li><a href=\"https:\/\/www.viajeros.net\/vwp\/baila-como-si-nadie-te-estuviera-viendo\/\">Baila como si nadie te estuviera viendo<\/a><\/li><li><a href=\"https:\/\/www.viajeros.net\/vwp\/cuando-los-angeles-bajan\/\">Cuando los angeles bajan<\/a><\/li><li><a href=\"https:\/\/www.viajeros.net\/vwp\/dar\/\">Dar<\/a><\/li><li><a href=\"https:\/\/www.viajeros.net\/vwp\/decir-te-quiero\/\">Decir&#8230; Te Quiero<\/a><\/li><li><a href=\"https:\/\/www.viajeros.net\/vwp\/desnudo\/\">Desnudo<\/a><\/li><li><a href=\"https:\/\/www.viajeros.net\/vwp\/el-seminarista-de-los-ojos-negros\/\">El Seminarista de los ojos negros<\/a><\/li><li><a href=\"https:\/\/www.viajeros.net\/vwp\/inspiracion\/\">Inspiraci\u00f3n<\/a><\/li><li><a href=\"https:\/\/www.viajeros.net\/vwp\/la-carta\/\">La Carta<\/a><\/li><li><a href=\"https:\/\/www.viajeros.net\/vwp\/la-prueba-final\/\">La prueba final<\/a><\/li><li><a href=\"https:\/\/www.viajeros.net\/vwp\/los-tres-viejos\/\">Los tres viejos<\/a><\/li><li><a href=\"https:\/\/www.viajeros.net\/vwp\/mexico-otono-de-1998\/\">M\u00e9xico, oto\u00f1o de 1998<\/a><\/li><li><a href=\"https:\/\/www.viajeros.net\/vwp\/nunca-estamos-solos\/\">Nunca estamos solos&#8230;<\/a><\/li><li><a href=\"https:\/\/www.viajeros.net\/vwp\/20180904-2\/\">Qui\u00e9n eres t\u00fa?<\/a><\/li><li><a href=\"https:\/\/www.viajeros.net\/vwp\/reflexion-para-novios\/\">Reflexi\u00f3n para novios<\/a><\/li><li><a href=\"https:\/\/www.viajeros.net\/vwp\/ser-viento\/\">Ser viento<\/a><\/li><li><a href=\"https:\/\/www.viajeros.net\/vwp\/solo-empuja\/\">S\u00f3lo empuja<\/a><\/li><li><a href=\"https:\/\/www.viajeros.net\/vwp\/un-amigo-verdadero\/\">Un amigo verdadero<\/a><\/li><li><a href=\"https:\/\/www.viajeros.net\/vwp\/una-ensenanza-sobre-el-amor\/\">Una ense\u00f1anza de amor<\/a><\/li><li><a href=\"https:\/\/www.viajeros.net\/vwp\/una-pregunta\/\">Una pregunta<\/a><\/li><\/ul>\n\n\n\n<p><\/p>\n","protected":false},"excerpt":{"rendered":"<p>El presente anecdotario es la recopilaci\u00f3n de textos que he recibido o le\u00eddo en este caminar de la vida y que han capturado mi atenci\u00f3n de una manera muy particular, por lo que deseo que dicho escrito pueda ser preservado durante un tiempo m\u00e1s largo. Muchos de estos textos no tienen una autor\u00eda definida, ya &hellip; <\/p>\n<p class=\"link-more\"><a href=\"https:\/\/www.viajeros.net\/vwp\/escritos\/\" class=\"more-link\">Continue reading<span class=\"screen-reader-text\"> &#8220;Anecdotario&#8221;<\/span><\/a><\/p>\n","protected":false},"author":1,"featured_media":0,"parent":0,"menu_order":0,"comment_status":"closed","ping_status":"closed","template":"","meta":{"footnotes":""},"class_list":["post-41","page","type-page","status-publish","hentry"],"_links":{"self":[{"href":"https:\/\/www.viajeros.net\/vwp\/wp-json\/wp\/v2\/pages\/41","targetHints":{"allow":["GET"]}}],"collection":[{"href":"https:\/\/www.viajeros.net\/vwp\/wp-json\/wp\/v2\/pages"}],"about":[{"href":"https:\/\/www.viajeros.net\/vwp\/wp-json\/wp\/v2\/types\/page"}],"author":[{"embeddable":true,"href":"https:\/\/www.viajeros.net\/vwp\/wp-json\/wp\/v2\/users\/1"}],"replies":[{"embeddable":true,"href":"https:\/\/www.viajeros.net\/vwp\/wp-json\/wp\/v2\/comments?post=41"}],"version-history":[{"count":6,"href":"https:\/\/www.viajeros.net\/vwp\/wp-json\/wp\/v2\/pages\/41\/revisions"}],"predecessor-version":[{"id":264,"href":"https:\/\/www.viajeros.net\/vwp\/wp-json\/wp\/v2\/pages\/41\/revisions\/264"}],"wp:attachment":[{"href":"https:\/\/www.viajeros.net\/vwp\/wp-json\/wp\/v2\/media?parent=41"}],"curies":[{"name":"wp","href":"https:\/\/api.w.org\/{rel}","templated":true}]}}