{"id":45,"date":"2018-09-05T19:02:33","date_gmt":"2018-09-05T19:02:33","guid":{"rendered":"https:\/\/www.viajeros.net\/vwp\/?page_id=45"},"modified":"2018-09-05T19:02:33","modified_gmt":"2018-09-05T19:02:33","slug":"inspiracion","status":"publish","type":"page","link":"https:\/\/www.viajeros.net\/vwp\/inspiracion\/","title":{"rendered":"Inspiraci\u00f3n"},"content":{"rendered":"\n<table class=\"wp-block-table\"><tbody><tr><td><strong>Hay momentos en que me pregunto<br\/>c\u00f3mo lleg\u00f3 a suceder;<br\/>c\u00f3mo despert\u00f3 mi pluma<br\/>para enamorar a la hoja de papel<\/strong><\/td><\/tr><tr><td><strong>Yo la cre\u00eda perdida<br\/>Y la hab\u00eda mandado enterrar<br\/>pero resulta que est\u00e1 viva<br\/>y por t\u00ed quiere continuar&#8230;<\/strong><\/td><\/tr><tr><td><strong>\u00bfAcaso ser\u00e1 una quimera\u00a0<br\/>o todo se torna realidad ?<br\/>\u00bfAcaso mi pluma est\u00e1 inspirada<br\/>y unos versos te quiere dedicar ?<\/strong><\/td><\/tr><tr><td><strong>No lo s\u00e9<\/strong><\/td><\/tr><tr><td><strong>M\u00e1s por una sonrisa<br\/>ha de desfallecer<br\/>hasta terminar con su \u00faltima gota de tinta<br\/>por plasmar el amor en papel<\/strong><\/td><\/tr><tr><td><strong>Y si esto arranca un suspiro<br\/>Dar\u00e1 m\u00e1 fuerza a su ser<br\/>lograr\u00e1 que nunca muera<br\/>aquello que plasm\u00f3 en hoja de papel.<\/strong><\/td><\/tr><\/tbody><\/table>\n\n\n\n<p>Miguel A. Ponce<\/p>\n","protected":false},"excerpt":{"rendered":"<p>Hay momentos en que me preguntoc\u00f3mo lleg\u00f3 a suceder;c\u00f3mo despert\u00f3 mi plumapara enamorar a la hoja de papel Yo la cre\u00eda perdidaY la hab\u00eda mandado enterrarpero resulta que est\u00e1 vivay por t\u00ed quiere continuar&#8230; \u00bfAcaso ser\u00e1 una quimera\u00a0o todo se torna realidad ?\u00bfAcaso mi pluma est\u00e1 inspiraday unos versos te quiere dedicar ? No lo &hellip; <\/p>\n<p class=\"link-more\"><a href=\"https:\/\/www.viajeros.net\/vwp\/inspiracion\/\" class=\"more-link\">Continue reading<span class=\"screen-reader-text\"> &#8220;Inspiraci\u00f3n&#8221;<\/span><\/a><\/p>\n","protected":false},"author":1,"featured_media":0,"parent":0,"menu_order":0,"comment_status":"closed","ping_status":"closed","template":"","meta":{"footnotes":""},"class_list":["post-45","page","type-page","status-publish","hentry"],"_links":{"self":[{"href":"https:\/\/www.viajeros.net\/vwp\/wp-json\/wp\/v2\/pages\/45","targetHints":{"allow":["GET"]}}],"collection":[{"href":"https:\/\/www.viajeros.net\/vwp\/wp-json\/wp\/v2\/pages"}],"about":[{"href":"https:\/\/www.viajeros.net\/vwp\/wp-json\/wp\/v2\/types\/page"}],"author":[{"embeddable":true,"href":"https:\/\/www.viajeros.net\/vwp\/wp-json\/wp\/v2\/users\/1"}],"replies":[{"embeddable":true,"href":"https:\/\/www.viajeros.net\/vwp\/wp-json\/wp\/v2\/comments?post=45"}],"version-history":[{"count":1,"href":"https:\/\/www.viajeros.net\/vwp\/wp-json\/wp\/v2\/pages\/45\/revisions"}],"predecessor-version":[{"id":46,"href":"https:\/\/www.viajeros.net\/vwp\/wp-json\/wp\/v2\/pages\/45\/revisions\/46"}],"wp:attachment":[{"href":"https:\/\/www.viajeros.net\/vwp\/wp-json\/wp\/v2\/media?parent=45"}],"curies":[{"name":"wp","href":"https:\/\/api.w.org\/{rel}","templated":true}]}}