{"id":48,"date":"2018-09-05T14:37:29","date_gmt":"2018-09-05T14:37:29","guid":{"rendered":"https:\/\/www.viajeros.net\/vwp\/?page_id=48"},"modified":"2018-09-05T19:38:08","modified_gmt":"2018-09-05T19:38:08","slug":"ser-viento","status":"publish","type":"page","link":"https:\/\/www.viajeros.net\/vwp\/ser-viento\/","title":{"rendered":"Ser Viento"},"content":{"rendered":"\n<table class=\"wp-block-table\"><tbody><tr><td><strong><br\/>Quisiera ser el viento<br\/>que frisa todo tu ser<br\/>motivando una sonrisa<br\/>que haga al firmamento resplandecer<\/strong><\/td><\/tr><tr><td><strong>Surcar por tus cabellos<br\/>cual esquiador en la mar<br\/>sintiendo su textura<br\/>cual seda fina al tocar<\/strong><\/td><\/tr><tr><td><strong>Apresur\u00e1ndome para llegar a tus ojos<br\/>y perderme en la luz que encuentro ah\u00ed<br\/>indagando cada frase que dibuja<br\/>sabiendo que me amas s\u00f3lo a mi.<\/strong><\/td><\/tr><\/tbody><\/table>\n\n\n\n<p>Miguel A. Ponce<\/p>\n","protected":false},"excerpt":{"rendered":"<p>Quisiera ser el vientoque frisa todo tu sermotivando una sonrisaque haga al firmamento resplandecer Surcar por tus cabelloscual esquiador en la marsintiendo su texturacual seda fina al tocar Apresur\u00e1ndome para llegar a tus ojosy perderme en la luz que encuentro ah\u00edindagando cada frase que dibujasabiendo que me amas s\u00f3lo a mi. Miguel A. Ponce<\/p>\n","protected":false},"author":1,"featured_media":0,"parent":0,"menu_order":0,"comment_status":"closed","ping_status":"closed","template":"","meta":{"footnotes":""},"class_list":["post-48","page","type-page","status-publish","hentry"],"_links":{"self":[{"href":"https:\/\/www.viajeros.net\/vwp\/wp-json\/wp\/v2\/pages\/48","targetHints":{"allow":["GET"]}}],"collection":[{"href":"https:\/\/www.viajeros.net\/vwp\/wp-json\/wp\/v2\/pages"}],"about":[{"href":"https:\/\/www.viajeros.net\/vwp\/wp-json\/wp\/v2\/types\/page"}],"author":[{"embeddable":true,"href":"https:\/\/www.viajeros.net\/vwp\/wp-json\/wp\/v2\/users\/1"}],"replies":[{"embeddable":true,"href":"https:\/\/www.viajeros.net\/vwp\/wp-json\/wp\/v2\/comments?post=48"}],"version-history":[{"count":1,"href":"https:\/\/www.viajeros.net\/vwp\/wp-json\/wp\/v2\/pages\/48\/revisions"}],"predecessor-version":[{"id":49,"href":"https:\/\/www.viajeros.net\/vwp\/wp-json\/wp\/v2\/pages\/48\/revisions\/49"}],"wp:attachment":[{"href":"https:\/\/www.viajeros.net\/vwp\/wp-json\/wp\/v2\/media?parent=48"}],"curies":[{"name":"wp","href":"https:\/\/api.w.org\/{rel}","templated":true}]}}