{"id":52,"date":"2018-09-05T19:59:40","date_gmt":"2018-09-05T19:59:40","guid":{"rendered":"https:\/\/www.viajeros.net\/vwp\/?page_id=52"},"modified":"2018-09-05T19:59:40","modified_gmt":"2018-09-05T19:59:40","slug":"dar","status":"publish","type":"page","link":"https:\/\/www.viajeros.net\/vwp\/dar\/","title":{"rendered":"Dar&#8230;"},"content":{"rendered":"\n<table class=\"wp-block-table\"><tbody><tr><td><br\/>Alma tan querida c\u00f3mo sufres por ego\u00edsta todo lo quieres para ti y no has comprendido que lo m\u00e1s importante para ti es justamente DAR todos los d\u00edas algo de ti, DAR con sencillez una sonrisa&#8230; DAR tu tiempo&#8230;\u00a0 tu Fe&#8230; transmitir todo esto que tienes tan dentro de tu alma&#8230;<br\/><br\/>Tienes una misi\u00f3n hermos\u00edsima&#8230; todo en la Creaci\u00f3n DA,<br\/>observa en tu camino, los tulipanes Dan todo el a\u00f1o, los toronjos, naranjos, los \u00e1rboles DAN su sombra&#8230; y tu, alma amad\u00edsima que te he dotado de inteligencia, voluntad y libertad&#8230; que eres maravillosamente inteligente, no has comprendido que solo podr\u00e1s madurar&#8230; ser feliz&#8230; cuando DES lo mejor de ti mismo&#8230; entiende por favor&#8230; no seas ego\u00edsta,no cuentes lo que DAS, dejame la contabilidad a MI y nunca tendr\u00e1s n\u00fameros rojos&#8230;<br\/><br\/>Alma amadisima, cada d\u00eda levantate con deseos de DAR&#8230; as\u00ed como el sol cumple su misi\u00f3n de alumbrar y DAR calor, los pajarillos del campo van poco a poco dando sus trinos, as\u00ed tu&#8230; tienes la misi\u00f3n maravillosa de DAR felicidad, de DAR espiritualidad por tu camino&#8230; DAR testimonio de que vivo en ti, nadie como tu para hablar de lo que he hecho por ti, acuerdate un instante de como te he pastoreado durante tantos a\u00f1os, recuerda un momentito especial en el cu\u00e1l te he amado&#8230;\u00a0<br\/><br\/>Alma amad\u00edsima recuerda que tu eres MIS MANOS&#8230; a trav\u00e9s tuyo llego a los dem\u00e1s, de ti depende que me conozcan y ME AMEN&#8230; porque realmente te necesito en el mundo dando testimonio de mi protecci\u00f3n y AMOR&#8230;<br\/><br\/>Alma, amanece generosa, con ganas de combatir tu ego\u00edsmo que te hecha tanto a perder las buenas obras que quieres hacer, por pensar que es poco lo que recibes, solo piensa en lo mucho que yo te DOY cada d\u00eda en cada instante, en cada momento&#8230; se d\u00f3cil, alma amad\u00edsima, y entr\u00e9gate a DAR&#8230;<br\/><br\/>Ven, dame tus manos, voy a llenartelas para que vayas en mi nombre a DAR.<\/td><\/tr><\/tbody><\/table>\n\n\n\n<p>Karen Fernanda Amezcua Kosterlitz (Aevum Dei &#8211; 1997)<\/p>\n","protected":false},"excerpt":{"rendered":"<p>Alma tan querida c\u00f3mo sufres por ego\u00edsta todo lo quieres para ti y no has comprendido que lo m\u00e1s importante para ti es justamente DAR todos los d\u00edas algo de ti, DAR con sencillez una sonrisa&#8230; DAR tu tiempo&#8230;\u00a0 tu Fe&#8230; transmitir todo esto que tienes tan dentro de tu alma&#8230; Tienes una misi\u00f3n hermos\u00edsima&#8230; &hellip; <\/p>\n<p class=\"link-more\"><a href=\"https:\/\/www.viajeros.net\/vwp\/dar\/\" class=\"more-link\">Continue reading<span class=\"screen-reader-text\"> &#8220;Dar&#8230;&#8221;<\/span><\/a><\/p>\n","protected":false},"author":1,"featured_media":0,"parent":0,"menu_order":0,"comment_status":"closed","ping_status":"closed","template":"","meta":{"footnotes":""},"class_list":["post-52","page","type-page","status-publish","hentry"],"_links":{"self":[{"href":"https:\/\/www.viajeros.net\/vwp\/wp-json\/wp\/v2\/pages\/52","targetHints":{"allow":["GET"]}}],"collection":[{"href":"https:\/\/www.viajeros.net\/vwp\/wp-json\/wp\/v2\/pages"}],"about":[{"href":"https:\/\/www.viajeros.net\/vwp\/wp-json\/wp\/v2\/types\/page"}],"author":[{"embeddable":true,"href":"https:\/\/www.viajeros.net\/vwp\/wp-json\/wp\/v2\/users\/1"}],"replies":[{"embeddable":true,"href":"https:\/\/www.viajeros.net\/vwp\/wp-json\/wp\/v2\/comments?post=52"}],"version-history":[{"count":1,"href":"https:\/\/www.viajeros.net\/vwp\/wp-json\/wp\/v2\/pages\/52\/revisions"}],"predecessor-version":[{"id":53,"href":"https:\/\/www.viajeros.net\/vwp\/wp-json\/wp\/v2\/pages\/52\/revisions\/53"}],"wp:attachment":[{"href":"https:\/\/www.viajeros.net\/vwp\/wp-json\/wp\/v2\/media?parent=52"}],"curies":[{"name":"wp","href":"https:\/\/api.w.org\/{rel}","templated":true}]}}