{"id":62,"date":"2018-09-05T15:48:27","date_gmt":"2018-09-05T15:48:27","guid":{"rendered":"https:\/\/www.viajeros.net\/vwp\/?page_id=62"},"modified":"2018-09-05T20:48:59","modified_gmt":"2018-09-05T20:48:59","slug":"desnudo","status":"publish","type":"page","link":"https:\/\/www.viajeros.net\/vwp\/desnudo\/","title":{"rendered":"Desnudo"},"content":{"rendered":"\n<table class=\"wp-block-table\"><tbody><tr><td>Y ah\u00ed va el hombre, con su cuerpo tibio,<br\/>dejando que las jaras lo persignen;<br\/>y es el sol su vestido, el sol que viste<br\/>la desnudez serena de los lirios\u2026<\/td><\/tr><tr><td>\u00a0<\/td><td>La gente le reprocha;<br\/>&#8220;pi\u00e9nsalo un poco:<br\/>\u00bfEs que vas a ir desnudo\u00a0<br\/>como los locos?<\/td><\/tr><tr><td>Pero \u00e9l no duda:<br\/>s\u00f3lo es libre deveras\u00a0<br\/>quien se desnuda&#8221;.<\/td><td>\u00a0<\/td><\/tr><tr><td>\u00a0<\/td><td>Nunca fueron m\u00e1s puras armas de caballero,<br\/>que al Se\u00f1or de la gloria se le sirve desnudos:<br\/>porque nada en nosotros le permanece oculto<br\/>ni se le oculta nada de todo lo que hacemos<\/td><\/tr><tr><td>\u00a0<\/td><td>Dios traspasa armaduras, atraviesa cerrojos,<br\/>reconoce caretas, y descifra disfraces.<br\/>Para Dios con la misma desnudez con que naces<br\/>est\u00e1s siempre delante de sus ojos.<\/td><\/tr><tr><td>!Pobres los que pensaron que aumentaban con trapos<br\/>su parecido al Padre Dios de las creaturas!<br\/>!Pobres si imaginaron subir a las monta\u00f1as<br\/>acumulando, asc\u00e9ticos, sobre sus cuerpos, h\u00e1bitos!<\/td><\/tr><tr><td>!Ay de los que desprecian la desnuda hermosura!<br\/>!Ay de los que condenan la belleza del cuerpo<br\/>que Dios en el principio, con barro y con aliento<br\/>form\u00f3 a su semejanza entre sus manos puras!<\/td><td>\u00a0<\/td><\/tr><tr><td>!Y pobre de esa gente que organiza campa\u00f1as<br\/>para bajar las faldas un cent\u00edmetro al menos,<br\/>como si la decencia fuera cosa de velos\u00a0<br\/>o de ello dependiera la salvaci\u00f3n del mundo\u2026!<\/td><td>\u00a0<\/td><\/tr><tr><td>La decencia, la plena y absoluta pureza<br\/>es algo muy distinto de alargarse las faldas.<br\/>Ser puro significa querer con toda el alma<br\/>a cada creatura en su desnuda esencia.<\/td><\/tr><tr><td>La religi\u00f3n que niega al cuerpo su sentido<br\/>termina dando culto a las formas externas.<br\/>Las joyas y las pieles se adue\u00f1an de la Iglesia<br\/>y se llama impecable al que va bien vestido.<\/td><td>\u00a0<\/td><\/tr><tr><td>\u00a0<\/td><td>Ese miedo al desnudo, \u00bfes maldici\u00f3n divina<br\/>a Eva y Ad\u00e1n o es fruto de una moral de esclavos<br\/>que a lo gris y a lo triste lo considera santo<br\/>y le atribuye al diablo todo lo vitalista?<\/td><\/tr><tr><td>Si del vientre caliente carne nuda salimos<br\/>y a la tierra desnudos al fin volveremos,<br\/>es una hipocres\u00eda que nos avergoncemos<br\/>de vernos como somos, de ser nosotros mismos.<\/td><td>\u00a0<\/td><\/tr><tr><td><br\/>Porque, en definitiva\u2026<\/td><td>\u00a0<\/td><\/tr><tr><td>\u00a0<\/td><td>No hemos ganado mucho al perder la inocencia.<br\/>No estamos m\u00e1s presentes por ser m\u00e1s presentable.<br\/>Aceptamos disfraces para estar aceptables<br\/>y desaparecemos por cuidar la apariencia.<\/td><\/tr><tr><td>\u00a0<\/td><td>Cu\u00e1nto m\u00e1s nos valiera dejarnos de mentiras<br\/>y comer, sin complejos, los frutos de la tierra;<br\/>ser fieles a los vivo es la \u00fanica manera<br\/>de ser en verdad fieles al Dios que h\u00edzo la vida.<\/td><\/tr><tr><td>Quien va desnudo sabe que son muy pocas cosas<br\/>las que se necesitan para vivir contento:<br\/>agua de manantiales, fruta como alimento<br\/>y los domingos, m\u00fasica y un pu\u00f1ado de rosas.<\/td><td>\u00a0<\/td><\/tr><tr><td>\u00a0<\/td><td>Quien acepta vestirse vive, en cambio, atrapado:<br\/>cuantas m\u00e1s cosas tiene t\u00e1nto m\u00e1s necesita.<br\/>Para guardar los trajes un candado precisa<br\/>y luego necesita defender el candado\u2026<\/td><\/tr><tr><td>No es \u00e9sta la manera con que las maravillas<br\/>se forman en el seno de la naturaleza;<br\/>el \u00e1rbol m\u00e1s frondoso, su br\u00edo y su belleza\u00a0<br\/>los saca desde dentro de una humilde semilla.<\/td><td>\u00a0<\/td><\/tr><tr><td>Y el aire, las monta\u00f1as, las bestias, las estrella<br\/>cantan -todos desnudos- su himno de acci\u00f3n de gracias<br\/>al Dios tres veces simple que hizo tan casta el agua,<br\/>las ardillas tan \u00e1giles y la yerba tan bella.<\/td><td>\u00a0<\/td><\/tr><tr><td>Y t\u00fa, peque\u00f1o m\u00edo, \u00e1nda siempre desnudo;<br\/>no ocultes, pusilanime, ni un palmo de tu cuerpo<br\/>y ocupa tu peque\u00f1a parte en ese concierto\u00a0<br\/>de desnudez esplendida que hace girar al mundo.<\/td><\/tr><tr><td>Si vas desnudo hijo, sin nada entre las mano<br\/>t\u00fa ser\u00e1s tu riqueza, y al no haber que robarte,<br\/>no tendr\u00e1s enemigos, sino que en todas partes\u00a0<br\/>y entre todos los hombres encontrar\u00e1s hermanos.<\/td><td>\u00a0<\/td><\/tr><tr><td>\u00a0<\/td><td>Ver\u00e1s que entre la gente no hay tantas diferencias;<br\/>que en lo m\u00e1s importante todos somos iguales<br\/>y que los privilegios y las clases sociales<br\/>son fruto de ese enga\u00f1o que llamamos decencia.<\/td><\/tr><tr><td>Si, venciendo prejuicios que son s\u00f3lo cinismos<br\/>las puertas de tu cuerpo mantienes siempre abiertas<br\/>tal vez te menosprecien, pero aquel que te quiera\u00a0<br\/>te querr\u00e1 como eres, te amar\u00e1 por ti mismo.<\/td><\/tr><tr><td>Vive as\u00ed piel desnuda, como Dios te hizo un d\u00eda,\u00a0<br\/>Habitante inocente de un jard\u00edn encantado<br\/>sin rincones obscuros, donde no hay m\u00e1s pecado<br\/>que negarse a s\u00ed mismo y romper la armon\u00eda.<\/td><td>\u00a0<\/td><\/tr><tr><td>\u00a0<\/td><td>Que tus a\u00f1os transcurran en la paz sin heridas\u00a0<br\/>del que sabe el sentido del espacio y el tiempo<br\/>y todas las ma\u00f1anas sube a llenar tu cuenco<br\/>en la roca desnuda donde brota la vida.<\/td><\/tr><tr><td>\u00a0<\/td><td>Manda en fin, que te entierren, cuando tu cuerpo muera,<br\/>desnudo ya del todo, igual que las simientes.<br\/>Y tu carne de tierra se har\u00e1 otra vez viviente<br\/>con la lluvia templada de cada primavera.<\/td><\/tr><tr><td>Y ah\u00ed va el hombre con su cuerpo en cueros,<br\/>Comprendiendo, por fin, en qu\u00e9 consiste\u00a0<br\/>ser hermano de todo lo que existe<br\/>y llevar por vestido el universo.<\/td><td>\u00a0<\/td><\/tr><tr><td>!La gente est\u00e1 que trina:<br\/>&#8220;Vaya un escandalo!<br\/>!No puede andar desnudo,<br\/>hay que taparlo!&#8221;<\/td><\/tr><tr><td>Pero \u00e9l anda\u00a0<br\/>libre como las liebres<br\/>entre las jaras.<\/td><td>\u00a0<\/td><\/tr><tr><td>\u00a0<\/td><td>\u00bfEs el hombre un visionario<br\/>o es nada mas que un loco y un demente?<br\/>\u00bfEs s\u00f3lo un inmaduro e inconsciente<br\/>o un po\u00e9ta revolucionario?<\/td><\/tr><tr><td>\u00a0<\/td><td>La gente est\u00e1 entre abrigos,<br\/>agonizando de asfixia,<br\/>y todav\u00eda titiritando.<\/td><\/tr><\/tbody><\/table>\n\n\n\n<p>Sergio O. Figueroa (1996)<\/p>\n","protected":false},"excerpt":{"rendered":"<p>Y ah\u00ed va el hombre, con su cuerpo tibio,dejando que las jaras lo persignen;y es el sol su vestido, el sol que vistela desnudez serena de los lirios\u2026 \u00a0 La gente le reprocha;&#8220;pi\u00e9nsalo un poco:\u00bfEs que vas a ir desnudo\u00a0como los locos? Pero \u00e9l no duda:s\u00f3lo es libre deveras\u00a0quien se desnuda&#8221;. \u00a0 \u00a0 Nunca fueron &hellip; <\/p>\n<p class=\"link-more\"><a href=\"https:\/\/www.viajeros.net\/vwp\/desnudo\/\" class=\"more-link\">Continue reading<span class=\"screen-reader-text\"> &#8220;Desnudo&#8221;<\/span><\/a><\/p>\n","protected":false},"author":1,"featured_media":0,"parent":0,"menu_order":0,"comment_status":"closed","ping_status":"closed","template":"","meta":{"footnotes":""},"class_list":["post-62","page","type-page","status-publish","hentry"],"_links":{"self":[{"href":"https:\/\/www.viajeros.net\/vwp\/wp-json\/wp\/v2\/pages\/62","targetHints":{"allow":["GET"]}}],"collection":[{"href":"https:\/\/www.viajeros.net\/vwp\/wp-json\/wp\/v2\/pages"}],"about":[{"href":"https:\/\/www.viajeros.net\/vwp\/wp-json\/wp\/v2\/types\/page"}],"author":[{"embeddable":true,"href":"https:\/\/www.viajeros.net\/vwp\/wp-json\/wp\/v2\/users\/1"}],"replies":[{"embeddable":true,"href":"https:\/\/www.viajeros.net\/vwp\/wp-json\/wp\/v2\/comments?post=62"}],"version-history":[{"count":1,"href":"https:\/\/www.viajeros.net\/vwp\/wp-json\/wp\/v2\/pages\/62\/revisions"}],"predecessor-version":[{"id":63,"href":"https:\/\/www.viajeros.net\/vwp\/wp-json\/wp\/v2\/pages\/62\/revisions\/63"}],"wp:attachment":[{"href":"https:\/\/www.viajeros.net\/vwp\/wp-json\/wp\/v2\/media?parent=62"}],"curies":[{"name":"wp","href":"https:\/\/api.w.org\/{rel}","templated":true}]}}