{"id":67,"date":"2018-10-03T14:04:39","date_gmt":"2018-10-03T14:04:39","guid":{"rendered":"https:\/\/www.viajeros.net\/vwp\/?page_id=67"},"modified":"2018-10-03T14:16:48","modified_gmt":"2018-10-03T14:16:48","slug":"apostolado-de-la-sonrisa","status":"publish","type":"page","link":"https:\/\/www.viajeros.net\/vwp\/apostolado-de-la-sonrisa\/","title":{"rendered":"Apostolado de la Sonrisa"},"content":{"rendered":"\n<p><strong><em>Basta una leve sonrisa en tus labios&#8230;<br\/><\/em><\/strong><\/p>\n\n\n\n<ul class=\"wp-block-list\"><li>Para levantar el coraz\u00f3n;<\/li><li>Mantener el buen humor;<\/li><li>Conservar la paz del alma;<\/li><li>Ayudar a la salud;<\/li><li>Embellecer la cara;<\/li><li>Despertar buenos pensamientos;<\/li><li>Inspirar generosas obras.<\/li><\/ul>\n\n\n\n<ul class=\"wp-block-list\"><li><em>Sonr\u00edete<\/em>\u00a0hasta que notes que tu constante seriedad y severidad se hayan desvanecido<br\/><\/li><li><em>Sonr\u00edete<\/em>\u00a0hasta entibiar tu propio coraz\u00f3n con ese rayo de sol.<br\/><\/li><li><em>Irradia tu sonrisa:\u00a0<\/em>Esa sonrisa tiene muchos trabajos que hacer, ponla al servicio de Dios.<br\/><\/li><li><em>T\u00fa eres un Ap\u00f3stol ahora<\/em>\u00a0y la sonrisa es tu instrumento, la ca\u00f1a para pescar almas. Santificando la gracia que habita en t\u00ed, te dar\u00e1 el encanto especial, que necesitas, para transmitir a los otros ese bien.<br\/><\/li><li>Sonr\u00ede a los tristes.<\/li><li>Sonr\u00ede a los t\u00edmidos.<\/li><li>Sonr\u00ede a los amigos.<\/li><li>Sonr\u00ede a los j\u00f3venes.<\/li><li>Sonr\u00ede a los ancianos.<\/li><li>Sonr\u00ede en tu familia.<\/li><li>Sonr\u00ede en tus penas.<\/li><li>Sonr\u00ede en tus pruebas.<\/li><li>Sonr\u00ede por amor de Jes\u00fas.<\/li><li>Sonr\u00ede por amor de Mar\u00eda.<\/li><li>Sonr\u00ede por amor a las almas, y&#8230; \u00a1todo en silencio!<br\/><\/li><li>Deja que todos se alegren con la simpat\u00eda y belleza de tu cara sonriente.<br\/><\/li><li>Cuenta, si puedes, el n\u00famero de sonrisas, que has distribuido entre los dem\u00e1s cada d\u00eda; su n\u00famero te indicar\u00e1 cu\u00e1ntas veces has promovido contento, alegr\u00eda, satisfacci\u00f3n, \u00e1nimo o confianza en el coraz\u00f3n de los dem\u00e1s.<br\/><\/li><li>Estas buenas disposiciones siempre son el principio de obras generosas y actos nobles. La influencia de tu sonrisa obra maravillas, que t\u00fa ignoras.<br\/><\/li><li><em>Tu sonrisa\u00a0<\/em>puede llevar esperanza y abrir horizontes a los agobiados, a los deprimidos, a los descorazonados, a los oprimidos, a los tentados y a los desesperados.<br\/><\/li><li><em>Tu sonrisa\u00a0<\/em>puede ser el camino para llevar las almas a la fe.<br\/><\/li><li><em>Tu sonrisa\u00a0<\/em>puede ser el primer paso que lleve al pecador hacia Dios.<\/li><li>Pero, sobre todo,<em>\u00a0sonr\u00ede a Dios-Trinidad.\u00a0<\/em>S\u00ed, Sonr\u00ede a las tres Personas que moran en tu alma, mientras aceptas con amor todo lo que Ellas te mandan y merecer\u00e1s tambi\u00e9n su radiante sonrisa, que ser\u00e1 tu felicidad en \u00e9sta y en la otra vida.<\/li><\/ul>\n\n\n\n<hr class=\"wp-block-separator\"\/>\n\n\n\n<p><strong>CTB &#8220;mi \u00a0 amigo&#8221;, MEX<\/strong><\/p>\n","protected":false},"excerpt":{"rendered":"<p>Basta una leve sonrisa en tus labios&#8230; Para levantar el coraz\u00f3n; Mantener el buen humor; Conservar la paz del alma; Ayudar a la salud; Embellecer la cara; Despertar buenos pensamientos; Inspirar generosas obras. Sonr\u00edete\u00a0hasta que notes que tu constante seriedad y severidad se hayan desvanecido Sonr\u00edete\u00a0hasta entibiar tu propio coraz\u00f3n con ese rayo de sol. &hellip; <\/p>\n<p class=\"link-more\"><a href=\"https:\/\/www.viajeros.net\/vwp\/apostolado-de-la-sonrisa\/\" class=\"more-link\">Continue reading<span class=\"screen-reader-text\"> &#8220;Apostolado de la Sonrisa&#8221;<\/span><\/a><\/p>\n","protected":false},"author":1,"featured_media":0,"parent":0,"menu_order":0,"comment_status":"closed","ping_status":"closed","template":"","meta":{"footnotes":""},"class_list":["post-67","page","type-page","status-publish","hentry"],"_links":{"self":[{"href":"https:\/\/www.viajeros.net\/vwp\/wp-json\/wp\/v2\/pages\/67","targetHints":{"allow":["GET"]}}],"collection":[{"href":"https:\/\/www.viajeros.net\/vwp\/wp-json\/wp\/v2\/pages"}],"about":[{"href":"https:\/\/www.viajeros.net\/vwp\/wp-json\/wp\/v2\/types\/page"}],"author":[{"embeddable":true,"href":"https:\/\/www.viajeros.net\/vwp\/wp-json\/wp\/v2\/users\/1"}],"replies":[{"embeddable":true,"href":"https:\/\/www.viajeros.net\/vwp\/wp-json\/wp\/v2\/comments?post=67"}],"version-history":[{"count":3,"href":"https:\/\/www.viajeros.net\/vwp\/wp-json\/wp\/v2\/pages\/67\/revisions"}],"predecessor-version":[{"id":262,"href":"https:\/\/www.viajeros.net\/vwp\/wp-json\/wp\/v2\/pages\/67\/revisions\/262"}],"wp:attachment":[{"href":"https:\/\/www.viajeros.net\/vwp\/wp-json\/wp\/v2\/media?parent=67"}],"curies":[{"name":"wp","href":"https:\/\/api.w.org\/{rel}","templated":true}]}}