{"id":81,"date":"2018-09-06T14:44:07","date_gmt":"2018-09-06T14:44:07","guid":{"rendered":"https:\/\/www.viajeros.net\/vwp\/?page_id=81"},"modified":"2018-09-06T20:06:11","modified_gmt":"2018-09-06T20:06:11","slug":"el-seminarista-de-los-ojos-negros","status":"publish","type":"page","link":"https:\/\/www.viajeros.net\/vwp\/el-seminarista-de-los-ojos-negros\/","title":{"rendered":"El Seminarista de los ojos negros"},"content":{"rendered":"\n<table class=\"wp-block-table\"><tbody><tr><td>Desde la ventana de un casucho viejo<br\/>abierta en verano, cerrada en invierno<br\/>por vidrios verdosos y plomos espesos,<br\/>una salmantina de rubio cabello<br\/>y ojos que parecen pedazos de cielo,<br\/>ve todas las tardes pasar en silencio<br\/>los seminaristas que van de paseo.<br\/>Bajan la cabeza, sin erguir el cuerpo,<br\/>marchan en dos filas, pausados y austeros,<br\/>sin m\u00e1s nota alegre sobre el traje negro,<br\/>que la beca roja que ci\u00f1e su cuello<br\/>y que por la espalda casi roza el suelo.<\/td><\/tr><tr><td>Un Seminarista, entre todos ellos,<br\/>marcha siempre erguido, con aire resuelto,<br\/>la negra sotana dibuja su cuerpo<br\/>gallardo y airoso, flexible y esbelto.<br\/>El solo a hurtadillas y con el recelo<br\/>de que sus miradas observen los cl\u00e9rigos,<br\/>desde que en la calle vislumbra a lo lejos<br\/>a la salmantina de rubio cabello,<br\/>la mira muy fijo, con mirar intenso.<br\/>Y siempre que pasa le deja el recuerdo<br\/>de aquella mirada de sus ojos negros.<\/td><\/tr><tr><td>Mon\u00f3tono y tardo va pasando el tiempo<br\/>y muere el est\u00edo y el oto\u00f1o luego,<br\/>y vienen las tardes plomizas de invierno.<br\/>Desde la ventana del casucho viejo<br\/>siempre sola y triste rezando y cosiendo,<br\/>la tal salmantina de rubio cabello<br\/>ve todas las tardes pasar en silencio<br\/>los seminaristas que van de paseo.<br\/>Pero no ve a todos; ve s\u00f3lo a uno de ellos;<br\/>su seminarista de los ojos negros.<\/td><\/tr><tr><td>Cada vez que pasa gallardo y esbelto<br\/>observa la ni\u00f1a que pide aquel cuerpo<br\/>en vez de sotana de marciales arreos.<br\/>Cuando ella fija sus ojos abiertos<br\/>con vivas y audaces miradas de fuego,<br\/>parece decirle: &#8220;\u00a1Te Quiero!, \u00a1te quiero!&#8221;<br\/>\u00a1Yo no he de ser cura, yo no puedo serlo!<br\/>\u00a1Si yo no soy tuyo, me muero, me muero!<br\/>A la ni\u00f1a entonces se le oprime el pecho,<br\/>la labor suspende, y olvida los rezos,<br\/>y ya vive s\u00f3lo en su pensamiento<br\/>el seminarista de los ojos negros.<\/td><\/tr><tr><td>En una lluviosa ma\u00f1ana de invierno<br\/>la ni\u00f1a que alegre saltaba del lecho,<br\/>oy\u00f3 tristes c\u00e1nticos y f\u00fanebres rezos:<br\/>por la angosta calle pasaba un entierro.<br\/>Un seminarista sin duda era el muerto;<br\/>pues cuatro, llevaban en hombros el f\u00e9retro<br\/>con la beca roja por cima cubierto,<br\/>y sobre la beca, el bonete negro.<br\/>Con voces roncas cantaban los cl\u00e9rigos,<br\/>los seminaristas iban en silencio,<br\/>siempre en dos filas hacia el cementerio,<br\/>como por las tardes al ir de paseo.<br\/>La ni\u00f1a angustiada miraba el cortejo,<br\/>los conoce a todos a fuerza de verlos&#8230;<br\/>Tan s\u00f3lo, tan s\u00f3lo faltaba entre ellos,<br\/>el seminarista de los ojos negros.<\/td><\/tr><tr><td>Corrieron los a\u00f1os, pas\u00f3 mucho tiempo&#8230;<br\/>y all\u00e1 en la ventana del casucho viejo,<br\/>una pobre anciana de blancos cabellos,<br\/>con la tez rugosa y encorbado el cuerpo,<br\/>mientras la costura mezcla con el rezo,<br\/>ve todas las tardes pasar en silencio<br\/>los seminaristas que van de paseo.<br\/>La labor suspende, los mira, y al verlos<br\/>sus ojos azules ya tan tristes y muertos<br\/>vierte silenciosas l\u00e1grimas de hielo.<br\/>Sola, vieja y triste, a\u00fan guarda el recuerdo<br\/>del seminarista de los ojos negros.<\/td><\/tr><\/tbody><\/table>\n\n\n\n<p>\n\n\u00a9 Miguel Ramos Carri\u00f3n, MEX\n\n<\/p>\n","protected":false},"excerpt":{"rendered":"<p>Desde la ventana de un casucho viejoabierta en verano, cerrada en inviernopor vidrios verdosos y plomos espesos,una salmantina de rubio cabelloy ojos que parecen pedazos de cielo,ve todas las tardes pasar en silenciolos seminaristas que van de paseo.Bajan la cabeza, sin erguir el cuerpo,marchan en dos filas, pausados y austeros,sin m\u00e1s nota alegre sobre el &hellip; <\/p>\n<p class=\"link-more\"><a href=\"https:\/\/www.viajeros.net\/vwp\/el-seminarista-de-los-ojos-negros\/\" class=\"more-link\">Continue reading<span class=\"screen-reader-text\"> &#8220;El Seminarista de los ojos negros&#8221;<\/span><\/a><\/p>\n","protected":false},"author":1,"featured_media":0,"parent":0,"menu_order":0,"comment_status":"closed","ping_status":"closed","template":"","meta":{"footnotes":""},"class_list":["post-81","page","type-page","status-publish","hentry"],"_links":{"self":[{"href":"https:\/\/www.viajeros.net\/vwp\/wp-json\/wp\/v2\/pages\/81","targetHints":{"allow":["GET"]}}],"collection":[{"href":"https:\/\/www.viajeros.net\/vwp\/wp-json\/wp\/v2\/pages"}],"about":[{"href":"https:\/\/www.viajeros.net\/vwp\/wp-json\/wp\/v2\/types\/page"}],"author":[{"embeddable":true,"href":"https:\/\/www.viajeros.net\/vwp\/wp-json\/wp\/v2\/users\/1"}],"replies":[{"embeddable":true,"href":"https:\/\/www.viajeros.net\/vwp\/wp-json\/wp\/v2\/comments?post=81"}],"version-history":[{"count":1,"href":"https:\/\/www.viajeros.net\/vwp\/wp-json\/wp\/v2\/pages\/81\/revisions"}],"predecessor-version":[{"id":82,"href":"https:\/\/www.viajeros.net\/vwp\/wp-json\/wp\/v2\/pages\/81\/revisions\/82"}],"wp:attachment":[{"href":"https:\/\/www.viajeros.net\/vwp\/wp-json\/wp\/v2\/media?parent=81"}],"curies":[{"name":"wp","href":"https:\/\/api.w.org\/{rel}","templated":true}]}}