{"id":85,"date":"2018-09-06T20:11:58","date_gmt":"2018-09-06T20:11:58","guid":{"rendered":"https:\/\/www.viajeros.net\/vwp\/?page_id=85"},"modified":"2018-09-06T20:11:58","modified_gmt":"2018-09-06T20:11:58","slug":"baila-como-si-nadie-te-estuviera-viendo","status":"publish","type":"page","link":"https:\/\/www.viajeros.net\/vwp\/baila-como-si-nadie-te-estuviera-viendo\/","title":{"rendered":"Baila como si nadie te estuviera viendo&#8230;"},"content":{"rendered":"\n<p><span id=\"mce_1_start\" style=\"overflow:hidden;line-height:0px\"><\/span>Nos convencemos a nosotros mismos de que la vida ser\u00e1 mejor despu\u00e9s de casarnos, despu\u00e9s de tener un hijo, y entonces despu\u00e9s de tener otro.<br\/><br\/>Entonces nos sentimos frustrados de que los hijos no son lo suficientemente grandes y que seremos m\u00e1s felices cuando lo sean. Despu\u00e9s de eso nos frustramos por que son adolescentes (dif\u00edciles de tratar). Ciertamente seremos m\u00e1s felices cuando salgan de esta etapa.<br\/><br\/>Nos decimos que nuestra vida estar\u00e1 completa cuando a nuestro esposo(a) le vaya mejor, cuando tengamos un mejor carro o una mejor casa, cuando nos podamos ir de vacaciones, cuando estemos retirados&#8230;<br\/><br\/>. La verdad es que no hay mejor momento para ser felices que ahora. Si no es ahora, \u00bfCuando? Tu vida siempre estar\u00e1 llena de retos. Es mejor admitirlo y decidir ser felices de todas formas.<br\/><br\/>Una de mis frases favoritas es de Alfred D. Souza, El dijo, &#8220;Por largo tiempo parec\u00eda para mi que la vida estaba a punto de comenzar &#8211; La Vida de verdad. Pero siempre habia alg\u00fan obst\u00e1culo en el camino, algo que resolver primero, alg\u00fan asunto sin terminar, tiempo por pasar, una deuda que pagar. Entonces la vida comenzar\u00eda. Hasta que me di cuenta de que estos obtaculos eran mi Vida.&#8221; Esta perspectiva me ha ayudado a ver que no hay un camino a la felicidad. La Felicidad &#8220;Es&#8221; El Camino.<br\/><br\/>Asi que, atesora cada momento que tienes, Y atesoralo m\u00e1s cuando lo compartiste con alguien especial, lo suficientemente especial para compartir tu tiempo, y recuerda que el tiempo no espera por nadie&#8230; Asi que deja de esperar hasta que termines la escuela, hasta que vuelvas a la escuela, hasta que bajes 10 kilos, hasta que tengas hijos, hasta que tus hijos se vayan de casa, hasta que te cases, hasta que te divorcies, hasta el viernes por la noche, hasta el Domingo por la ma\u00f1ana, hasta la primavera, el verano, el oto\u00f1\u00f1o o el invierno, o hasta que mueras, para decidir que no hay mejor momento que este para ser Feliz&#8230;<br\/><br\/>La Felicidad es un trayecto, no un Destino &#8230; Trabaja como si no necesitaras dinero, Ama como si nunca te hubieran herido &#8230; y \u00a1\u00a1\u00a1 Baila como si nadie te estuviera viendo !!!\u00a0<\/p>\n\n\n\n<p>Haydee Mireya Carrillo, MEX. (1999)<\/p>\n","protected":false},"excerpt":{"rendered":"<p>Nos convencemos a nosotros mismos de que la vida ser\u00e1 mejor despu\u00e9s de casarnos, despu\u00e9s de tener un hijo, y entonces despu\u00e9s de tener otro. Entonces nos sentimos frustrados de que los hijos no son lo suficientemente grandes y que seremos m\u00e1s felices cuando lo sean. Despu\u00e9s de eso nos frustramos por que son adolescentes &hellip; <\/p>\n<p class=\"link-more\"><a href=\"https:\/\/www.viajeros.net\/vwp\/baila-como-si-nadie-te-estuviera-viendo\/\" class=\"more-link\">Continue reading<span class=\"screen-reader-text\"> &#8220;Baila como si nadie te estuviera viendo&#8230;&#8221;<\/span><\/a><\/p>\n","protected":false},"author":1,"featured_media":0,"parent":0,"menu_order":0,"comment_status":"closed","ping_status":"closed","template":"","meta":{"footnotes":""},"class_list":["post-85","page","type-page","status-publish","hentry"],"_links":{"self":[{"href":"https:\/\/www.viajeros.net\/vwp\/wp-json\/wp\/v2\/pages\/85","targetHints":{"allow":["GET"]}}],"collection":[{"href":"https:\/\/www.viajeros.net\/vwp\/wp-json\/wp\/v2\/pages"}],"about":[{"href":"https:\/\/www.viajeros.net\/vwp\/wp-json\/wp\/v2\/types\/page"}],"author":[{"embeddable":true,"href":"https:\/\/www.viajeros.net\/vwp\/wp-json\/wp\/v2\/users\/1"}],"replies":[{"embeddable":true,"href":"https:\/\/www.viajeros.net\/vwp\/wp-json\/wp\/v2\/comments?post=85"}],"version-history":[{"count":1,"href":"https:\/\/www.viajeros.net\/vwp\/wp-json\/wp\/v2\/pages\/85\/revisions"}],"predecessor-version":[{"id":86,"href":"https:\/\/www.viajeros.net\/vwp\/wp-json\/wp\/v2\/pages\/85\/revisions\/86"}],"wp:attachment":[{"href":"https:\/\/www.viajeros.net\/vwp\/wp-json\/wp\/v2\/media?parent=85"}],"curies":[{"name":"wp","href":"https:\/\/api.w.org\/{rel}","templated":true}]}}