{"id":87,"date":"2018-09-06T20:14:01","date_gmt":"2018-09-06T20:14:01","guid":{"rendered":"https:\/\/www.viajeros.net\/vwp\/?page_id=87"},"modified":"2018-09-06T20:14:01","modified_gmt":"2018-09-06T20:14:01","slug":"alza-el-vuelo","status":"publish","type":"page","link":"https:\/\/www.viajeros.net\/vwp\/alza-el-vuelo\/","title":{"rendered":"Alza el vuelo"},"content":{"rendered":"\n<table class=\"wp-block-table\"><tbody><tr><td>Alza el vuelo, vive un d\u00eda mas<br\/>aprende tu momento de gozar<br\/>reconoce tus fracasos,\u00a0<br\/>pero alza el vuelo y vive ya<\/td><\/tr><tr><td>Alza el vuelo, vive cada minuto<br\/>y ded\u00edcate a hoy hacer lo que ma\u00f1ana<br\/>otros har\u00e1n, y recuerda que este d\u00eda<br\/>despu\u00e9s no volver\u00e1.<\/td><\/tr><tr><td>Alza el vuelo, aunque alg\u00fan problema<br\/>tengas, alza el vuelo si te\u00a0<br\/>sientes incapaz<br\/>mira siempre hacia delante<br\/>busca siempre a un amigo<br\/>y as\u00ed todo cambiar\u00e1<br\/>alza el vuelo, marca en ti un ideal<br\/>uni\u00e9ndolo a tu voluntad<br\/>para que sea as\u00ed, una eterna<br\/>realidad.<\/td><\/tr><tr><td>Alza el vuelo dale amor al mundo<br\/>que tu hermano, que tu amigo<br\/>y tambi\u00e9n tu enemigo&#8230;<br\/>necesitan de tu amor.<\/td><\/tr><\/tbody><\/table>\n\n\n\n<p>Elisa Mungu\u00eda (1999)<\/p>\n","protected":false},"excerpt":{"rendered":"<p>Alza el vuelo, vive un d\u00eda masaprende tu momento de gozarreconoce tus fracasos,\u00a0pero alza el vuelo y vive ya Alza el vuelo, vive cada minutoy ded\u00edcate a hoy hacer lo que ma\u00f1anaotros har\u00e1n, y recuerda que este d\u00edadespu\u00e9s no volver\u00e1. Alza el vuelo, aunque alg\u00fan problematengas, alza el vuelo si te\u00a0sientes incapazmira siempre hacia delantebusca &hellip; <\/p>\n<p class=\"link-more\"><a href=\"https:\/\/www.viajeros.net\/vwp\/alza-el-vuelo\/\" class=\"more-link\">Continue reading<span class=\"screen-reader-text\"> &#8220;Alza el vuelo&#8221;<\/span><\/a><\/p>\n","protected":false},"author":1,"featured_media":0,"parent":0,"menu_order":0,"comment_status":"closed","ping_status":"closed","template":"","meta":{"footnotes":""},"class_list":["post-87","page","type-page","status-publish","hentry"],"_links":{"self":[{"href":"https:\/\/www.viajeros.net\/vwp\/wp-json\/wp\/v2\/pages\/87","targetHints":{"allow":["GET"]}}],"collection":[{"href":"https:\/\/www.viajeros.net\/vwp\/wp-json\/wp\/v2\/pages"}],"about":[{"href":"https:\/\/www.viajeros.net\/vwp\/wp-json\/wp\/v2\/types\/page"}],"author":[{"embeddable":true,"href":"https:\/\/www.viajeros.net\/vwp\/wp-json\/wp\/v2\/users\/1"}],"replies":[{"embeddable":true,"href":"https:\/\/www.viajeros.net\/vwp\/wp-json\/wp\/v2\/comments?post=87"}],"version-history":[{"count":1,"href":"https:\/\/www.viajeros.net\/vwp\/wp-json\/wp\/v2\/pages\/87\/revisions"}],"predecessor-version":[{"id":88,"href":"https:\/\/www.viajeros.net\/vwp\/wp-json\/wp\/v2\/pages\/87\/revisions\/88"}],"wp:attachment":[{"href":"https:\/\/www.viajeros.net\/vwp\/wp-json\/wp\/v2\/media?parent=87"}],"curies":[{"name":"wp","href":"https:\/\/api.w.org\/{rel}","templated":true}]}}