{"id":89,"date":"2018-09-06T20:19:34","date_gmt":"2018-09-06T20:19:34","guid":{"rendered":"https:\/\/www.viajeros.net\/vwp\/?page_id=89"},"modified":"2018-09-06T20:19:34","modified_gmt":"2018-09-06T20:19:34","slug":"la-carta","status":"publish","type":"page","link":"https:\/\/www.viajeros.net\/vwp\/la-carta\/","title":{"rendered":"La carta"},"content":{"rendered":"\n<p>\n\nRuth fue a su buz\u00f3n de correo y solo hab\u00eda una carta. Ella la tomo y la miro antes de abrirla, y noto que no tenia estampillas ni sello del correo. Solo su nombre y direcci\u00f3n. Ella ley\u00f3: &#8211;<\/p>\n\n\n\n<p><em>Querida Ruth:<br\/><br\/>&#8220;Voy a estar por donde vives el s\u00e1bado en la tarde y quisiera verte.\u00a0<br\/><br\/>Te quiere siempre,<br\/>Jes\u00fas&#8221;<\/em><\/p>\n\n\n\n<p>Sus manos temblaban mientras colocaba la carta en la mesa. \u00bfPor que Dios querr\u00e1 visitarme si no soy nadie especial?\u00a0<\/p>\n\n\n\n<p>Tambi\u00e9n record\u00f3 que no tenia nada que ofrecerle, pensando en eso, ella record\u00f3 su alacena vac\u00eda.\u00a0<em>&#8220;Oh, no tengo nada que ofrecerle. Tengo que ir al supermercado y comprar algo para la cena&#8221;<\/em>\u00a0Ella tomo su cartera que conten\u00eda solo $54 pesos.<\/p>\n\n\n\n<p>&#8220;Bueno, puedo comprar pan y embutidos por lo menos&#8221; Se puso el abrigo y corri\u00f3 a la puerta. Compro un molde de pan franc\u00e9s, 250gr. de jam\u00f3n de pavo y un cart\u00f3n de leche lo que le dejo con tan solo doce pesos hasta el lunes.<\/p>\n\n\n\n<p>Se sent\u00eda bien a medida que se acercaba a su casa con su humilde compra bajo el brazo&#8230;<\/p>\n\n\n\n<p><em>&#8220;\u00bfSe\u00f1orita, por favor, puede ayudarnos?&#8221;<\/em>\u00a0Ruth hab\u00eda estado tan sumergida en sus planes para la cena que no hab\u00eda notado dos figuras acurrucadas en la acera. Un hombre y una mujer, ambos vestidos de andrajos .\u00a0<\/p>\n\n\n\n<p><em>&#8220;Mire se\u00f1orita, no tengo trabajo y mi esposa y yo hemos estado viviendo en las calles, nos estamos congelando y tenemos mucha hambre y si usted nos pudiera ayudar se lo agradecer\u00edamos mucho&#8221;.<\/em>\u00a0Ruth los miro. Ellos estaban sucios y mal olientes y penso que si ellos en verdad quisieran trabajan ya habr\u00edan conseguido algo.<\/p>\n\n\n\n<p><em>&#8220;Se\u00f1or, me alegrar\u00eda ayudarlos, pero soy pobre tambi\u00e9n. Todo lo que tengo es un poco de pan y jam\u00f3n, y tender un invitado especial a cenar esta noche y pensaba darle esto de comer.&#8221;\u00a0<br\/><br\/>&#8220;Esta bien, comprendo. -dijo el hombre- Gracias de todas maneras&#8221;.<\/em>\u00a0El hombre puso su brazo sobre los hombros de la mujer y se fueron rumbo a un callej\u00f3n. Ella los miraba alejarse y sinti\u00f3 mucho dolor en su coraz\u00f3n.<\/p>\n\n\n\n<p><em>&#8220;Se\u00f1or espere<\/em>&#8220;. La pareja se detuvo, mientras ella corr\u00eda hasta ellos.<em>\u00a0&#8220;Por que no toman esta comida, puedo servirle otra cosa a mi invitado&#8221;<\/em>. dijo ella mientras le entregada la bolsa del supermercado.<\/p>\n\n\n\n<p><em>&#8220;Gracias. Muchas gracias se\u00f1orita&#8221; &#8220;Si, Gracias&#8221;\u00a0<\/em>Le dijo la mujer y Ruth pudo ver que estaba temblando de fr\u00edo.\u00a0<em>&#8220;Sabe, tengo otro abrigo en casa, tome este&#8221;<\/em>, le dijo mientras se lo pon\u00eda sobre los hombros. Ella regreso a casa sonriendo y sin su abrigo ni comida que ofrecer a su invitado. Se estaba desanimando a medida que se acercaba a la puerta de su casa, pensando que no tenia nada que ofrecer al Se\u00f1or.\u00a0<\/p>\n\n\n\n<p>Cuando meti\u00f3 la llave en la cerradura noto otro sobre en su buz\u00f3n.\u00a0<em>&#8220;Que raro. -dijo- Usualmente, el cartero no viene dos veces el mismo d\u00eda&#8221;<\/em>.\u00a0<\/p>\n\n\n\n<p>Ella tomo el sobre y lo abri\u00f3:<\/p>\n\n\n\n<p><em>Querida Ruth:<br\/><br\/>Fue muy agradable verte de nuevo. Gracias por la comida y gracias tambi\u00e9n por el hermoso abrigo.\u00a0<br\/><br\/>Te quiere siempre,<br\/><br\/>Jes\u00fas.<\/em><\/p>\n\n\n\n<p>AUTOR ANONIMO.<\/p>\n","protected":false},"excerpt":{"rendered":"<p>Ruth fue a su buz\u00f3n de correo y solo hab\u00eda una carta. Ella la tomo y la miro antes de abrirla, y noto que no tenia estampillas ni sello del correo. Solo su nombre y direcci\u00f3n. Ella ley\u00f3: &#8211; Querida Ruth: &#8220;Voy a estar por donde vives el s\u00e1bado en la tarde y quisiera verte.\u00a0 &hellip; <\/p>\n<p class=\"link-more\"><a href=\"https:\/\/www.viajeros.net\/vwp\/la-carta\/\" class=\"more-link\">Continue reading<span class=\"screen-reader-text\"> &#8220;La carta&#8221;<\/span><\/a><\/p>\n","protected":false},"author":1,"featured_media":0,"parent":0,"menu_order":0,"comment_status":"closed","ping_status":"closed","template":"","meta":{"footnotes":""},"class_list":["post-89","page","type-page","status-publish","hentry"],"_links":{"self":[{"href":"https:\/\/www.viajeros.net\/vwp\/wp-json\/wp\/v2\/pages\/89","targetHints":{"allow":["GET"]}}],"collection":[{"href":"https:\/\/www.viajeros.net\/vwp\/wp-json\/wp\/v2\/pages"}],"about":[{"href":"https:\/\/www.viajeros.net\/vwp\/wp-json\/wp\/v2\/types\/page"}],"author":[{"embeddable":true,"href":"https:\/\/www.viajeros.net\/vwp\/wp-json\/wp\/v2\/users\/1"}],"replies":[{"embeddable":true,"href":"https:\/\/www.viajeros.net\/vwp\/wp-json\/wp\/v2\/comments?post=89"}],"version-history":[{"count":1,"href":"https:\/\/www.viajeros.net\/vwp\/wp-json\/wp\/v2\/pages\/89\/revisions"}],"predecessor-version":[{"id":90,"href":"https:\/\/www.viajeros.net\/vwp\/wp-json\/wp\/v2\/pages\/89\/revisions\/90"}],"wp:attachment":[{"href":"https:\/\/www.viajeros.net\/vwp\/wp-json\/wp\/v2\/media?parent=89"}],"curies":[{"name":"wp","href":"https:\/\/api.w.org\/{rel}","templated":true}]}}