{"id":91,"date":"2018-09-06T20:24:54","date_gmt":"2018-09-06T20:24:54","guid":{"rendered":"https:\/\/www.viajeros.net\/vwp\/?page_id=91"},"modified":"2018-09-06T20:24:54","modified_gmt":"2018-09-06T20:24:54","slug":"cuando-los-angeles-bajan","status":"publish","type":"page","link":"https:\/\/www.viajeros.net\/vwp\/cuando-los-angeles-bajan\/","title":{"rendered":"Cuando los Angeles bajan&#8230;"},"content":{"rendered":"\n<table class=\"wp-block-table\"><tbody><tr><td>Dios estaba en el cielo mirando c\u00f3mo actuaban los hombres en la tierra y observ\u00f3 que ricos y pobres estaban apartados, que sanos y enfermos viv\u00edan distantes, que libres y esclavos estaban separados. Viendo esto reuni\u00f3 un ej\u00e9rcito de \u00e1ngeles y les dijo:<br\/><br\/>&#8211; \u00bfVen a los seres humanos? \u00a1Necesitan ayuda! Tienen que bajar a la tierra.<br\/>Nadie mas podr\u00eda cumplir esta tarea.\u00a1Escuchen!. Cuando cree al hombre, lo hice con talentos especiales para cada uno y se complementaran unos a otros:Unos alcanzar\u00edan riquezas para compartir con los pobres. Otros gozar\u00edan de buena salud para cuidar a los enfermos. Unos ser\u00edan sabios y otros, muy simples para procurar entre ellos sentimientos de amor, admiraci\u00f3n y respeto. Los buenos tendr\u00edan que rezar por los que actuaran como si fueran malos. El paciente tolerar\u00eda al neur\u00f3tico. Parece que los hombres se han olvidado de ello y necesito que bajen con ellos para record\u00e1rselos.<br\/><br\/>&#8211; \u00bfQu\u00e9 tenemos que hacer? &#8211; los \u00e1ngeles preguntaron inquietos &#8211;<br\/>.<br\/>Entonces, el Se\u00f1or les explic\u00f3 que como los seres humanos parec\u00edan no darse cuenta de que los quer\u00eda diferentes para lograr su perfecci\u00f3n, necesitaba que cada \u00e1ngel bajara a la tierra con francas distinciones. Y le dio a cada uno su tarea.\u00a0<\/td><\/tr><tr><td>T\u00fa tendr\u00e1s memoria y concentraci\u00f3n de excelencia:\u00a0<em>ser\u00e1s ciego.<\/em>T\u00fa ser\u00e1s elocuente con tu cuerpo y muy creativo para expresarte:<em>ser\u00e1s sordomudo.<\/em>T\u00fa tendr\u00e1s pensamientos profundos,escribir\u00e1s libros, ser\u00e1s poeta:\u00a0<em>tendr\u00e1s par\u00e1lisis cerebral.<\/em>A ti te dar\u00e9 el don del amor y ser\u00e1s su persona, habr\u00e1 muchos otros como t\u00fa en toda la tierra y no habr\u00e1 distinci\u00f3n de raza porque tendr\u00e1n la cara, los ojos, las manos y el cuerpo como si fueran hermanos de sangre:\u00a0<em>tendr\u00e1s S\u00edndrome de Down.<\/em>T\u00fa ser\u00e1s muy bajo de estatura y tu simpat\u00eda y sentido del humor llegar\u00e1n hasta el cielo:\u00a0<em>ser\u00e1s gente peque\u00f1a.<\/em>T\u00fa disfrutar\u00e1s la creaci\u00f3n tal como lo plane\u00e9 para los hombres.<em>\u00a0Tendr\u00e1s discapacidad intelectual\u00a0<\/em>y mientras otros se preocupan por los avances cient\u00edficos y tecnol\u00f3gicos: t\u00fa disfrutar\u00e1s mirando una hormiga, una flor.\u00a0 Ser\u00e1s feliz, muy feliz porque amaras a todos y no har\u00e1s juicio de ninguno.T\u00fa vivir\u00e1s en la tierra, pero tu mente se mantendr\u00e1 en el cielo; preferir\u00e1s escuchar mi voz a la de los hombres:<em>\u00a0tendr\u00e1s autismo.<\/em>Al \u00faltimo \u00e1ngel le dijo, T\u00fa ser\u00e1s h\u00e1bil como ninguno,<em>\u00a0te faltar\u00e1n los brazos<\/em>\u00a0y har\u00e1s todo con las piernas y la boca.<\/td><\/tr><tr><td>Los \u00e1ngeles se sintieron felices con la distinci\u00f3n del Se\u00f1or y al un\u00edsono bajaron a la tierra emocionados. Cada uno lleg\u00f3 al vientre de una madre. Al nacer, fueron recibidos con profundo dolor, causaron miedo y angustia.Algunos padres rehusaron la tarea de cuidarlos; otros la asumieron enojados; otros se echaron culpas hasta disolver su matrimonio y otros mas lloraron con amor y aceptaron el deber.<br\/><br\/>Sea cual fuere el caso, como los \u00e1ngeles saben su misi\u00f3n y sus virtudes son la fe, la esperanza y la caridad, adem\u00e1s de otras, todas gobernadas por el Amor, ellos han sabido perdonar, y con paciencia pasan la vida iluminando a todo aquel que los ha querido amar.<br\/><br\/>Siguen bajando \u00e1ngeles a la tierra con esp\u00edritus superiores en cuerpos limitados y seguir\u00e1n llegando mientras haya humanidad en el planeta.<\/td><\/tr><\/tbody><\/table>\n\n\n\n<p><span id=\"mce_1_start\" style=\"overflow:hidden;line-height:0px\"><\/span>Compartido por J. Arturo Amezcua K., Mex. (1999)<\/p>\n","protected":false},"excerpt":{"rendered":"<p>Dios estaba en el cielo mirando c\u00f3mo actuaban los hombres en la tierra y observ\u00f3 que ricos y pobres estaban apartados, que sanos y enfermos viv\u00edan distantes, que libres y esclavos estaban separados. Viendo esto reuni\u00f3 un ej\u00e9rcito de \u00e1ngeles y les dijo: &#8211; \u00bfVen a los seres humanos? \u00a1Necesitan ayuda! Tienen que bajar a &hellip; <\/p>\n<p class=\"link-more\"><a href=\"https:\/\/www.viajeros.net\/vwp\/cuando-los-angeles-bajan\/\" class=\"more-link\">Continue reading<span class=\"screen-reader-text\"> &#8220;Cuando los Angeles bajan&#8230;&#8221;<\/span><\/a><\/p>\n","protected":false},"author":1,"featured_media":0,"parent":0,"menu_order":0,"comment_status":"closed","ping_status":"closed","template":"","meta":{"footnotes":""},"class_list":["post-91","page","type-page","status-publish","hentry"],"_links":{"self":[{"href":"https:\/\/www.viajeros.net\/vwp\/wp-json\/wp\/v2\/pages\/91","targetHints":{"allow":["GET"]}}],"collection":[{"href":"https:\/\/www.viajeros.net\/vwp\/wp-json\/wp\/v2\/pages"}],"about":[{"href":"https:\/\/www.viajeros.net\/vwp\/wp-json\/wp\/v2\/types\/page"}],"author":[{"embeddable":true,"href":"https:\/\/www.viajeros.net\/vwp\/wp-json\/wp\/v2\/users\/1"}],"replies":[{"embeddable":true,"href":"https:\/\/www.viajeros.net\/vwp\/wp-json\/wp\/v2\/comments?post=91"}],"version-history":[{"count":1,"href":"https:\/\/www.viajeros.net\/vwp\/wp-json\/wp\/v2\/pages\/91\/revisions"}],"predecessor-version":[{"id":92,"href":"https:\/\/www.viajeros.net\/vwp\/wp-json\/wp\/v2\/pages\/91\/revisions\/92"}],"wp:attachment":[{"href":"https:\/\/www.viajeros.net\/vwp\/wp-json\/wp\/v2\/media?parent=91"}],"curies":[{"name":"wp","href":"https:\/\/api.w.org\/{rel}","templated":true}]}}