{"id":93,"date":"2018-09-06T20:28:06","date_gmt":"2018-09-06T20:28:06","guid":{"rendered":"https:\/\/www.viajeros.net\/vwp\/?page_id=93"},"modified":"2018-09-06T20:28:06","modified_gmt":"2018-09-06T20:28:06","slug":"nunca-estamos-solos","status":"publish","type":"page","link":"https:\/\/www.viajeros.net\/vwp\/nunca-estamos-solos\/","title":{"rendered":"Nunca estamos solos&#8230;"},"content":{"rendered":"\n<p>\n\nEsta es una historia real que ocurri\u00f3 en 1994 contada por Lloyd Gleen:<\/p>\n\n\n\n<p>A lo largo de nuestras vidas recibimos bendiciones por medio de experiencias espirituales, de las cuales algunas son muy sagradas y confidenciales, y otras, aunque sagradas, deben de ser compartidas.<\/p>\n\n\n\n<p>El verano pasado yo y mi familia vivimos una experiencia espiritual que tuvo un impacto largo y profundo en nosotros, uno que sentimos debe de ser compartido. Es un mensaje de amor.<\/p>\n\n\n\n<p>Es un mensaje para retomar la perspectiva de la vida, y de restaurar el balance y renovar las prioridades de nuestras vidas. Con humildad pido a Dios que al relatar esta historia, pueda darte a ti el regalo que mi peque\u00f1o hijo, Brian, le dio a nuestra familia un d\u00eda el verano pasado.<\/p>\n\n\n\n<p>El 22 de Julio iba yo camino a Washington D.C. en un viaje de negocios. Todo era tan ordinario, hasta que aterrizamos en Denver para un cambio de avi\u00f3n. Mientras que yo recog\u00eda mis pertenencias, escuche un mensaje que ped\u00eda que el Sr. Lloyd Glenn se reportara de inmediato con un representante de United.<\/p>\n\n\n\n<p>No pense que fuera nada urgente hasta que llegue a la puerta del avi\u00f3n y escuche a un caballero pregunt\u00e1ndole a cada hombre si era el Sr. Glenn.<\/p>\n\n\n\n<p>En ese momento supe que algo hab\u00eda pasado y mi coraz\u00f3n se hundi\u00f3.<\/p>\n\n\n\n<p>Al salir del avi\u00f3n un hombre joven, con la cara muy solemne se acerco a mi y me dijo: &#8220;Sr. Glenn, hay una emergencia en su casa. No se cual es la emergencia, ni quien esta involucrado, pero lo llevare a un tel\u00e9fono para que pueda llamar al hospital.&#8221;<\/p>\n\n\n\n<p>Mi coraz\u00f3n lat\u00eda, pero el deseo de estar tranquilo me calmo. Segu\u00ed al se\u00f1or a un tel\u00e9fono distante donde pude hablar al numero que el me dio del Hospital Mission. Pasaron mi llamada de inmediato al centro de emergencias donde se me informo que mi hijo de 3 a\u00f1os hab\u00eda quedado atrapado abajo de la puerta autom\u00e1tica del garage por varios minutos y que cuando mi esposa lo encontr\u00f3 el estaba muerto. Un vecino que es doctor le hab\u00eda dado CPR y los param\u00e9dicos hab\u00edan continuado el tratamiento mientras Brian era transportado el hospital.<\/p>\n\n\n\n<p>En ese momento, Brian hab\u00eda revivido y los doctores cre\u00edan que iba a vivir, pero no sab\u00edan cuanto da\u00f1o hab\u00edan sufrido su cerebro y su coraz\u00f3n.<\/p>\n\n\n\n<p>Ellos me explicaron que la puerta se hab\u00eda cerrado completamente en su estern\u00f3n exactamente encima de su coraz\u00f3n. El estaba severamente herido.<\/p>\n\n\n\n<p>Despu\u00e9s de hablar con los doctores, mi esposa sonaba preocupada pero no hist\u00e9rica, y yo me conforte con su tranquilidad.<\/p>\n\n\n\n<p>El vuelo de regreso parecio eterno, pero finalmente llegue al hospital seis horas despu\u00e9s de que la puerta del garage se hab\u00eda cerrado. Cuando entre a la unidad de cuidado intensivo, nada pudo haberme preparado para ver a mi hijo acostado tan tranquilo en esa gran cama con tubos y monitores por todas partes.<\/p>\n\n\n\n<p>El estaba conectado a un respirador. Mire a mi esposa quien me dirigi\u00f3 su mejor sonrisa.Todo parecia una espantosa pesadilla. Me dieron todos los detalles y la diagnosis. Brian iba a vivir y pruebas preliminares mostraba que su coraz\u00f3n estaba bien: dos milagros!!. Pero solo el tiempo dir\u00eda si su cerebro hab\u00eda sido da\u00f1ado.<\/p>\n\n\n\n<p>A lo largo de las interminables horas, mi mujer estaba tranquila.<\/p>\n\n\n\n<p>Ella sent\u00eda que Brian iba a estar bien. Me agarre a sus palabras y su fe como a una l\u00ednea de vida. Parecia que hab\u00edan pasado a\u00f1os desde que sal\u00ed la ma\u00f1ana anterior en mi viaje de negocios.<\/p>\n\n\n\n<p>Finalmente a las 2:00 P.M., Brian recupero la consciencia y se sent\u00f3 diciendo las mas hermosas palabras que he escuchado.<\/p>\n\n\n\n<p>El dijo: &#8220;Papi, abr\u00e1zame&#8221; y se me acerco con sus peque\u00f1os brazitos.(lagrima, descanso, sonrisa). Al dia siguiente se le diagnostico sin da\u00f1o cerebral ni f\u00edsico y el cuento de su supervivencia milagrosa recorri\u00f3 todo el hospital. No pueden imaginar nuestra gratitud y felicidad.<\/p>\n\n\n\n<p>Camino a casa, sentimos una reverencia \u00fanica por la vida y por el amor de nuestro Padre Celestial que viene a aquellos quienes se acercan tanto a la muerte. En los siguientes d\u00edas hab\u00eda un esp\u00edritu especial en nuestra casa.<\/p>\n\n\n\n<p>Nuestros dos hijos mayores estaban mas cercanos a su hermanito. Mi esposa y yo estabamos mas cercanos el uno al otro y todos estabamos mas cerca como familia.<\/p>\n\n\n\n<p>La vida tomo un paso menos estresado para nosotros. Nuestra perspectiva se ve\u00eda mas enfocada y balanceada. Nos sent\u00edamos bendecidos. Nuestra gratitud era verdaderamente profunda.<\/p>\n\n\n\n<p>Ah\u00ed no termina la historia (sonrisa).<\/p>\n\n\n\n<p>Casi un mes despu\u00e9s del accidente, Brian se despert\u00f3 de su siesta y dijo:<\/p>\n\n\n\n<p>&#8220;Si\u00e9ntate mami. Tengo algo que decirte.&#8221;<\/p>\n\n\n\n<p>A esa edad, Brian generalmente hablaba peque\u00f1as frases, as\u00ed es que mi mujer se sorprendi\u00f3 de la oraci\u00f3n tan larga que uso. Ella se sent\u00f3 con el en su cama y empez\u00f3 a narrar su historia maravillosa y sagrada.<\/p>\n\n\n\n<p>&#8220;Recuerdas cuando quede atrapado abajo de la puerta del garage? Bueno, estaba tan pesada y me dol\u00eda mucho.<\/p>\n\n\n\n<p>Te llame pero no pod\u00edas o\u00edrme. Empece a llorar, pero entonces me dol\u00eda mas. Y entonces llegaron los \u00b4pajaritos.\u00b4&#8221;Los pajaritos?&#8221; le pregunto confundida mi esposa.<\/p>\n\n\n\n<p>&#8220;Si&#8221; le contesto el.&#8221;Los pajaritos hac\u00edan un ruido especial y volaron hacia el garage. Me cuidaron.&#8221; &#8220;Te cuidaron?&#8221; &#8220;Si&#8221;, dijo el. &#8220;Uno de los pajaritos fue por ti. Te fue a decir que yo estaba atrapado bajo la &#8220;puerta.&#8221;<\/p>\n\n\n\n<p>Una dulce sensaci\u00f3n de reverencia lleno el cuarto. El esp\u00edritu era tan fuerte y a la vez mas ligero que el aire. Mi esposa se percato de que un ni\u00f1o de tres a\u00f1os no tendr\u00eda idea de la muerte y de esp\u00edritus, as\u00ed es que se estaba refiriendo a seres que ven\u00edan del mas all\u00e1, llam\u00e1ndolos \u00b4pajaritos\u00b4 porque volaban en el aire como p\u00e1jaros. &#8220;Como eran esos pajaritos?&#8221; le pregunto ella.<\/p>\n\n\n\n<p>Brian contesto, &#8220;Eran tan hermosos estaban vestidos de blanco, todos de blanco. Algunos ten\u00edan verde y blanco, pero algunos ten\u00edan solo blanco.&#8221;<\/p>\n\n\n\n<p>&#8220;Te dijeron algo?&#8221; &#8220;Si&#8221; el contesto. &#8220;Me dijeron que el bebe estar\u00eda bien.&#8221;<\/p>\n\n\n\n<p>&#8220;El bebe?&#8221; mi esposa pregunto confundida. Brian contesto &#8220;El bebe tirado en la puerta del garage.&#8221; Continuo, &#8220;Tu saliste y abriste la puerta del garage y corriste a donde estaba el bebe. Le dijiste al bebe que se quedara y no se fuera.<\/p>\n\n\n\n<p>&#8220;Mi esposa casi se desmaya al oir esto, ya que en efecto ella se hab\u00eda inclinado junto a Brian y al ver su pecho herido y sus facciones, sabiendo que ya estaba muerto, miro hacia arriba, alrededor y dijo, &#8220;No nos dejes Brian, qu\u00e9date si puedes.&#8221;<\/p>\n\n\n\n<p>Al escuchar a Brian decirle las palabras que ella hab\u00eda usado se dio cuenta de que el esp\u00edritu hab\u00eda dejado el cuerpo y hab\u00eda estado viendo su cuerpo sin vida desde arriba. &#8220;Y que paso entonces?&#8221; pregunto ella.<\/p>\n\n\n\n<p>&#8220;Nos fuimos de viaje&#8221; dijo el, &#8220;lejos, lejos.&#8221; Se comenz\u00f3 a agitar tratando de expresar cosas para las cuales no conoc\u00eda palabras. Mi esposa trato de calmarlo y confortarlo. El lucho con tratar de decir algo que era obviamente muy importante para el, pero el encontrar las palabras era dif\u00edcil. &#8220;Volamos rapidisimo en el aire. Son tan bonitos mami&#8221; agrego el.<\/p>\n\n\n\n<p>&#8220;Y hay muchos, muchos pajaritos.&#8221; Mi esposa estaba impresionada.<\/p>\n\n\n\n<p>Brian continuo dici\u00e9ndole que los \u00b4pajaritos\u00b4 le hab\u00edan dicho que tenia que regresar y contarle a todos de los \u00b4pajaritos.\u00b4 El dijo que lo regresaron a la casa y que un gran cami\u00f3n de bomberos y una ambulancia estaban ah\u00ed.<\/p>\n\n\n\n<p>Un hombre estaba sacando al bebe en una cama blanca y el trataba de decirle al hombre que el bebe estar\u00eda bien, pero el hombre no pod\u00eda escucharlo. El dijo que los pajaritos le dijeron que el tenia que ir en la ambulancia, pero ellos estar\u00edan cerca de el. El dijo que ellos eran bonitos y llenos de paz, y que el no quer\u00eda regresar.<\/p>\n\n\n\n<p>Entonces llego la luz. El dijo que la luz era muy brillante y c\u00e1lida y que el amaba la brillante luz muchisimo. Hab\u00eda alguien en la luz y puso sus brazos alrededor de Brian y le dijo, &#8220;Te amo pero tienes que regresar. Tienes que ir a jugar b\u00e9isbol, y contarle a todos de los pajaritos.&#8221;<\/p>\n\n\n\n<p>Entonces la persona en la luz le dio un beso y le dijo adi\u00f3s con la mano.<\/p>\n\n\n\n<p>Entonces un sonido y entraron en las nubes. La historia continuo por una hora.<\/p>\n\n\n\n<p>El nos ense\u00f1o que los \u00b4pajaritos\u00b4 siempre est\u00e1n con nosotros, pero no los vemos porque miramos con los ojos y no los escuchamos porque o\u00edmos con nuestros o\u00eddos. Pero siempre est\u00e1n ah\u00ed, solo los pueden ver aqu\u00ed (se puso la mano en el coraz\u00f3n). Murmuran cosas para ayudarnos ha hacer lo que esta bien porque nos aman tanto. Brian continuo diciendo &#8220;Yo tengo un plan mami. Tu tienes un plan. Mi papi tiene un plan. Todos tenemos un plan. Todos debemos vivir nuestro plan y mantener nuestras promesas. Los pajaritos nos ayudan a hacer esto porque nos quieren tanto.&#8221;<\/p>\n\n\n\n<p>En las siguientes semanas, con frecuencia repet\u00eda su historia en parte o completa una y otra vez. Siempre era la misma historia. Nunca cambio los detalles ni cambio el orden. A veces inclu\u00eda mas informaci\u00f3n y clarificaba el mensaje que ya nos hab\u00eda dado. Nunca dejo de impresionarnos como pod\u00eda darnos tanto detalle y como pod\u00eda hablar mas all\u00e1 de su capacidad cuando hablaba de los \u00b4pajaritos\u00b4. A donde quiera que iba, hablaba con extra\u00f1os sobre los \u00b4pajaritos\u00b4.<\/p>\n\n\n\n<p>Sorprendentemente, nadie lo llego a ver con extra\u00f1eza cuando el lo hacia. Por el contrario, siempre pon\u00edan una cara dulce y sonre\u00edan.<\/p>\n\n\n\n<p>No es necesario decirles que no hemos sido los mismos desde ese d\u00eda , y rezamos que nunca volvamos a ser los mismos.<\/p>\n\n\n\n<p>Un \u00e1ngel para cuidarte.<\/p>\n\n\n\n<p>Algunas Personas\u00a0<br\/>entran en nuestras vidas\u00a0<br\/>y pronto se van&#8230;&#8230;..\u00a0<br\/><br\/>Algunas personas\u00a0<br\/>se vuelven nuestros amigos\u00a0<br\/>y se quedan un rato&#8230;&#8230;..\u00a0<br\/><br\/>dejando hermosas\u00a0<br\/>huellas en nuestros\u00a0<br\/>corazones&#8230;&#8230;..\u00a0<br\/><br\/>y nunca mas\u00a0<br\/>seremos\u00a0<br\/>los mismos\u00a0<br\/>porque hemos encontrado\u00a0<br\/>a un gran amigo!!!!!!!\u00a0<br\/><br\/>Ayer es historia.\u00a0<br\/>Ma\u00f1ana es un misterio.<br\/>Hoy es un regalo.\u00a0<br\/>Por eso se llama el presente!!!!!!\u00a0<br\/><br\/>Vive y saborea cada momento&#8230;..<\/p>\n\n\n\n<p>Compartido por Wendy Salcedo, Mex. (1999)<\/p>\n","protected":false},"excerpt":{"rendered":"<p>Esta es una historia real que ocurri\u00f3 en 1994 contada por Lloyd Gleen: A lo largo de nuestras vidas recibimos bendiciones por medio de experiencias espirituales, de las cuales algunas son muy sagradas y confidenciales, y otras, aunque sagradas, deben de ser compartidas. El verano pasado yo y mi familia vivimos una experiencia espiritual que &hellip; <\/p>\n<p class=\"link-more\"><a href=\"https:\/\/www.viajeros.net\/vwp\/nunca-estamos-solos\/\" class=\"more-link\">Continue reading<span class=\"screen-reader-text\"> &#8220;Nunca estamos solos&#8230;&#8221;<\/span><\/a><\/p>\n","protected":false},"author":1,"featured_media":0,"parent":0,"menu_order":0,"comment_status":"closed","ping_status":"closed","template":"","meta":{"footnotes":""},"class_list":["post-93","page","type-page","status-publish","hentry"],"_links":{"self":[{"href":"https:\/\/www.viajeros.net\/vwp\/wp-json\/wp\/v2\/pages\/93","targetHints":{"allow":["GET"]}}],"collection":[{"href":"https:\/\/www.viajeros.net\/vwp\/wp-json\/wp\/v2\/pages"}],"about":[{"href":"https:\/\/www.viajeros.net\/vwp\/wp-json\/wp\/v2\/types\/page"}],"author":[{"embeddable":true,"href":"https:\/\/www.viajeros.net\/vwp\/wp-json\/wp\/v2\/users\/1"}],"replies":[{"embeddable":true,"href":"https:\/\/www.viajeros.net\/vwp\/wp-json\/wp\/v2\/comments?post=93"}],"version-history":[{"count":1,"href":"https:\/\/www.viajeros.net\/vwp\/wp-json\/wp\/v2\/pages\/93\/revisions"}],"predecessor-version":[{"id":94,"href":"https:\/\/www.viajeros.net\/vwp\/wp-json\/wp\/v2\/pages\/93\/revisions\/94"}],"wp:attachment":[{"href":"https:\/\/www.viajeros.net\/vwp\/wp-json\/wp\/v2\/media?parent=93"}],"curies":[{"name":"wp","href":"https:\/\/api.w.org\/{rel}","templated":true}]}}